{"id":6488,"date":"2012-11-28T10:00:16","date_gmt":"2012-11-28T10:00:16","guid":{"rendered":"http:\/\/www.spsressources.ch\/wordpress\/?page_id=6488"},"modified":"2014-04-04T13:15:59","modified_gmt":"2014-04-04T13:15:59","slug":"lobo-77","status":"publish","type":"page","link":"http:\/\/www.spsressources.ch\/wordpress\/?page_id=6488","title":{"rendered":"Lobo 77"},"content":{"rendered":"<p>&nbsp;<\/p>\n<p>&nbsp;<\/p>\n<p><a href=\"http:\/\/www.spsressources.ch\/wordpress\/wp-content\/uploads\/2012\/11\/Image-83.png\"><img loading=\"lazy\" decoding=\"async\" class=\"alignnone size-medium wp-image-6504\" title=\"Image 8\" src=\"http:\/\/www.spsressources.ch\/wordpress\/wp-content\/uploads\/2012\/11\/Image-83-300x197.png\" alt=\"\" width=\"300\" height=\"197\" srcset=\"http:\/\/www.spsressources.ch\/wordpress\/wp-content\/uploads\/2012\/11\/Image-83-300x197.png 300w, http:\/\/www.spsressources.ch\/wordpress\/wp-content\/uploads\/2012\/11\/Image-83-1024x672.png 1024w, http:\/\/www.spsressources.ch\/wordpress\/wp-content\/uploads\/2012\/11\/Image-83.png 1128w\" sizes=\"auto, (max-width: 300px) 100vw, 300px\" \/><\/a><a href=\"http:\/\/www.spsressources.ch\/wordpress\/wp-content\/uploads\/2012\/11\/Image-91.png\"><img loading=\"lazy\" decoding=\"async\" class=\"alignnone size-medium wp-image-6503\" title=\"Image 9\" src=\"http:\/\/www.spsressources.ch\/wordpress\/wp-content\/uploads\/2012\/11\/Image-91-242x300.png\" alt=\"\" width=\"242\" height=\"300\" srcset=\"http:\/\/www.spsressources.ch\/wordpress\/wp-content\/uploads\/2012\/11\/Image-91-242x300.png 242w, http:\/\/www.spsressources.ch\/wordpress\/wp-content\/uploads\/2012\/11\/Image-91.png 366w\" sizes=\"auto, (max-width: 242px) 100vw, 242px\" \/><\/a><a href=\"http:\/\/www.spsressources.ch\/wordpress\/wp-content\/uploads\/2012\/11\/Image-72.png\"><br \/>\n<\/a><a href=\"http:\/\/www.spsressources.ch\/wordpress\/wp-content\/uploads\/2012\/11\/Image-71.png\"><br \/>\n<\/a><a href=\"http:\/\/www.spsressources.ch\/wordpress\/wp-content\/uploads\/2012\/11\/Image-61.png\"><br \/>\n<\/a><a href=\"http:\/\/www.tmtdm.net\/regle-du-jeu-lobo-77.php\">Cliquez ici pour t\u00e9l\u00e9charger les r\u00e8gles du jeu<\/a><\/p>\n","protected":false},"excerpt":{"rendered":"<p>&nbsp; &nbsp; Cliquez ici pour t\u00e9l\u00e9charger les r\u00e8gles du jeu<\/p>\n","protected":false},"author":3472,"featured_media":0,"parent":11295,"menu_order":0,"comment_status":"open","ping_status":"closed","template":"","meta":{"footnotes":""},"class_list":["post-6488","page","type-page","status-publish","hentry"],"_links":{"self":[{"href":"http:\/\/www.spsressources.ch\/wordpress\/index.php?rest_route=\/wp\/v2\/pages\/6488","targetHints":{"allow":["GET"]}}],"collection":[{"href":"http:\/\/www.spsressources.ch\/wordpress\/index.php?rest_route=\/wp\/v2\/pages"}],"about":[{"href":"http:\/\/www.spsressources.ch\/wordpress\/index.php?rest_route=\/wp\/v2\/types\/page"}],"author":[{"embeddable":true,"href":"http:\/\/www.spsressources.ch\/wordpress\/index.php?rest_route=\/wp\/v2\/users\/3472"}],"replies":[{"embeddable":true,"href":"http:\/\/www.spsressources.ch\/wordpress\/index.php?rest_route=%2Fwp%2Fv2%2Fcomments&post=6488"}],"version-history":[{"count":10,"href":"http:\/\/www.spsressources.ch\/wordpress\/index.php?rest_route=\/wp\/v2\/pages\/6488\/revisions"}],"predecessor-version":[{"id":6491,"href":"http:\/\/www.spsressources.ch\/wordpress\/index.php?rest_route=\/wp\/v2\/pages\/6488\/revisions\/6491"}],"up":[{"embeddable":true,"href":"http:\/\/www.spsressources.ch\/wordpress\/index.php?rest_route=\/wp\/v2\/pages\/11295"}],"wp:attachment":[{"href":"http:\/\/www.spsressources.ch\/wordpress\/index.php?rest_route=%2Fwp%2Fv2%2Fmedia&parent=6488"}],"curies":[{"name":"wp","href":"https:\/\/api.w.org\/{rel}","templated":true}]}}