{"id":6472,"date":"2012-11-28T09:52:00","date_gmt":"2012-11-28T09:52:00","guid":{"rendered":"http:\/\/www.spsressources.ch\/wordpress\/?page_id=6472"},"modified":"2014-04-04T12:48:34","modified_gmt":"2014-04-04T12:48:34","slug":"si-la-bo","status":"publish","type":"page","link":"http:\/\/www.spsressources.ch\/wordpress\/?page_id=6472","title":{"rendered":"Si la bo"},"content":{"rendered":"<p style=\"text-align: center;\">A emprunter aupr\u00e8s de Sylviane !<\/p>\n<p style=\"text-align: center;\"><img loading=\"lazy\" decoding=\"async\" class=\"size-thumbnail wp-image-6485\" title=\"Image 2\" src=\"http:\/\/www.spsressources.ch\/wordpress\/wp-content\/uploads\/2012\/11\/Image-211-150x150.png\" alt=\"\" width=\"150\" height=\"150\" \/><img loading=\"lazy\" decoding=\"async\" class=\"size-thumbnail wp-image-6484\" title=\"Image 3\" src=\"http:\/\/www.spsressources.ch\/wordpress\/wp-content\/uploads\/2012\/11\/Image-38-150x150.png\" alt=\"\" width=\"150\" height=\"150\" \/><\/p>\n<table id=\"text\" width=\"496\" border=\"0\" cellspacing=\"0\" cellpadding=\"0\">\n<tbody>\n<tr align=\"left\" valign=\"middle\">\n<td colspan=\"3\" height=\"40\">Si-la-bo est un jeu de cartes humoristiques pour apprendre \u00e0 lire d\u00e8s 5 ans! Bas\u00e9 sur le jeu de familles, Si-la-bon permet d&rsquo;entrer dans la lecture des syllabes (on constitue des familles la-le-li-lo-lu-l\u00e9)<\/td>\n<\/tr>\n<tr align=\"left\" valign=\"top\">\n<td width=\"243\"><\/td>\n<td width=\"10\"><img loading=\"lazy\" decoding=\"async\" src=\"http:\/\/www.fada.ch\/ch\/img\/tricky.gif\" alt=\"\" width=\"10\" height=\"122\" border=\"0\" hspace=\"0\" vspace=\"0\" \/><\/td>\n<td width=\"243\">\n<div align=\"left\"><img loading=\"lazy\" decoding=\"async\" src=\"http:\/\/www.fada.ch\/ch\/img\/tricky.gif\" alt=\"\" width=\"37\" height=\"6\" border=\"0\" hspace=\"0\" vspace=\"0\" \/><\/div>\n<\/td>\n<\/tr>\n<\/tbody>\n<\/table>\n","protected":false},"excerpt":{"rendered":"<p>A emprunter aupr\u00e8s de Sylviane ! Si-la-bo est un jeu de cartes humoristiques pour apprendre \u00e0 lire d\u00e8s 5 ans! Bas\u00e9 sur le jeu de familles, Si-la-bon permet d&rsquo;entrer dans la lecture des syllabes (on constitue des familles la-le-li-lo-lu-l\u00e9)<\/p>\n","protected":false},"author":3472,"featured_media":0,"parent":11176,"menu_order":0,"comment_status":"open","ping_status":"closed","template":"","meta":{"footnotes":""},"class_list":["post-6472","page","type-page","status-publish","hentry"],"_links":{"self":[{"href":"http:\/\/www.spsressources.ch\/wordpress\/index.php?rest_route=\/wp\/v2\/pages\/6472","targetHints":{"allow":["GET"]}}],"collection":[{"href":"http:\/\/www.spsressources.ch\/wordpress\/index.php?rest_route=\/wp\/v2\/pages"}],"about":[{"href":"http:\/\/www.spsressources.ch\/wordpress\/index.php?rest_route=\/wp\/v2\/types\/page"}],"author":[{"embeddable":true,"href":"http:\/\/www.spsressources.ch\/wordpress\/index.php?rest_route=\/wp\/v2\/users\/3472"}],"replies":[{"embeddable":true,"href":"http:\/\/www.spsressources.ch\/wordpress\/index.php?rest_route=%2Fwp%2Fv2%2Fcomments&post=6472"}],"version-history":[{"count":12,"href":"http:\/\/www.spsressources.ch\/wordpress\/index.php?rest_route=\/wp\/v2\/pages\/6472\/revisions"}],"predecessor-version":[{"id":6476,"href":"http:\/\/www.spsressources.ch\/wordpress\/index.php?rest_route=\/wp\/v2\/pages\/6472\/revisions\/6476"}],"up":[{"embeddable":true,"href":"http:\/\/www.spsressources.ch\/wordpress\/index.php?rest_route=\/wp\/v2\/pages\/11176"}],"wp:attachment":[{"href":"http:\/\/www.spsressources.ch\/wordpress\/index.php?rest_route=%2Fwp%2Fv2%2Fmedia&parent=6472"}],"curies":[{"name":"wp","href":"https:\/\/api.w.org\/{rel}","templated":true}]}}