{"id":630,"date":"2011-10-26T05:25:56","date_gmt":"2011-10-26T05:25:56","guid":{"rendered":"http:\/\/www.vallelian.net\/sps\/wordpress\/?page_id=630"},"modified":"2018-10-11T05:47:11","modified_gmt":"2018-10-11T05:47:11","slug":"outils-facilitateurs","status":"publish","type":"page","link":"http:\/\/www.spsressources.ch\/wordpress\/?page_id=630","title":{"rendered":"Outils facilitateurs"},"content":{"rendered":"<p>&nbsp;<\/p>\n<ul>\n<li><span style=\"text-decoration: underline; color: #993300;\"><a href=\"http:\/\/ww2.ac-poitiers.fr\/ecoles\/IMG\/pdf\/outils_facilitateurs_scolarite.pdf\">Brochure \u00ab\u00a0Outils pour faciliter les activit\u00e9s scolaires\u00a0\u00bb Mich\u00e8le Cerisier-Pouhet,\u00a0Ergoth\u00e9rapeute\u00a0D\u00e9cembre 2008\u00a0<\/a><\/span><\/li>\n<li><span style=\"text-decoration: underline; color: #993300;\"><a href=\"http:\/\/www.cartablenumerique.ch\/home\/\">Cartable \u00e9l\u00e9ctronique<\/a>,<br \/>\n<\/span><\/li>\n<li><span style=\"text-decoration: underline; color: #993300;\">C<a href=\"http:\/\/www.spsressources.ch\/wordpress\/?page_id=1272\">opie des devoirs<\/a><\/span><\/li>\n<li><span style=\"color: #993300;\"><a href=\"http:\/\/www.spsressources.ch\/wordpress\/?page_id=14663\">Outil pour faciliter le rep\u00e9rage dans un support \u00e9crit<\/a><\/span><\/li>\n<li><span style=\"text-decoration: underline; color: #993300;\"><a href=\"http:\/\/www.spsressources.ch\/wordpress\/?page_id=657\">\u00a0Motricit\u00e9 fine et \u00e9criture<\/a><\/span><\/li>\n<li><span style=\"text-decoration: underline; color: #993300;\"><a href=\"http:\/\/www.spsressources.ch\/wordpress\/?page_id=1948\">\u00a0Rep\u00e9rage dans un support \u00e9crit<\/a><\/span><\/li>\n<li><span style=\"text-decoration: underline; color: #993300;\"><a href=\"http:\/\/www.spsressources.ch\/wordpress\/?page_id=10661\">R\u00e8gle de 30 cm \u00a0\u00e0 prise ergonomique anti-d\u00e9rapente<\/a><\/span><\/li>\n<li><span style=\"text-decoration: underline; color: #993300;\"><span class=\"Apple-style-span\"><a href=\"http:\/\/www.spsressources.ch\/wordpress\/?page_id=11771\">Structuration temporelle<\/a><\/span><\/span><\/li>\n<li><a href=\"http:\/\/www.spsressources.ch\/wordpress\/?page_id=14794\">Organisation de l&rsquo;espace<\/a><\/li>\n<\/ul>\n","protected":false},"excerpt":{"rendered":"<p>&nbsp; Brochure \u00ab\u00a0Outils pour faciliter les activit\u00e9s scolaires\u00a0\u00bb Mich\u00e8le Cerisier-Pouhet,\u00a0Ergoth\u00e9rapeute\u00a0D\u00e9cembre 2008\u00a0 Cartable \u00e9l\u00e9ctronique, Copie des devoirs Outil pour faciliter le rep\u00e9rage dans un support \u00e9crit \u00a0Motricit\u00e9 fine et \u00e9criture \u00a0Rep\u00e9rage dans un support \u00e9crit R\u00e8gle de 30 cm \u00a0\u00e0 prise &hellip; <a href=\"http:\/\/www.spsressources.ch\/wordpress\/?page_id=630\">Continuer la lecture <span class=\"meta-nav\">&rarr;<\/span><\/a><\/p>\n","protected":false},"author":3472,"featured_media":0,"parent":207,"menu_order":0,"comment_status":"open","ping_status":"closed","template":"","meta":{"footnotes":""},"class_list":["post-630","page","type-page","status-publish","hentry"],"_links":{"self":[{"href":"http:\/\/www.spsressources.ch\/wordpress\/index.php?rest_route=\/wp\/v2\/pages\/630","targetHints":{"allow":["GET"]}}],"collection":[{"href":"http:\/\/www.spsressources.ch\/wordpress\/index.php?rest_route=\/wp\/v2\/pages"}],"about":[{"href":"http:\/\/www.spsressources.ch\/wordpress\/index.php?rest_route=\/wp\/v2\/types\/page"}],"author":[{"embeddable":true,"href":"http:\/\/www.spsressources.ch\/wordpress\/index.php?rest_route=\/wp\/v2\/users\/3472"}],"replies":[{"embeddable":true,"href":"http:\/\/www.spsressources.ch\/wordpress\/index.php?rest_route=%2Fwp%2Fv2%2Fcomments&post=630"}],"version-history":[{"count":61,"href":"http:\/\/www.spsressources.ch\/wordpress\/index.php?rest_route=\/wp\/v2\/pages\/630\/revisions"}],"predecessor-version":[{"id":14808,"href":"http:\/\/www.spsressources.ch\/wordpress\/index.php?rest_route=\/wp\/v2\/pages\/630\/revisions\/14808"}],"up":[{"embeddable":true,"href":"http:\/\/www.spsressources.ch\/wordpress\/index.php?rest_route=\/wp\/v2\/pages\/207"}],"wp:attachment":[{"href":"http:\/\/www.spsressources.ch\/wordpress\/index.php?rest_route=%2Fwp%2Fv2%2Fmedia&parent=630"}],"curies":[{"name":"wp","href":"https:\/\/api.w.org\/{rel}","templated":true}]}}