{"id":6022,"date":"2012-10-23T19:38:40","date_gmt":"2012-10-23T19:38:40","guid":{"rendered":"http:\/\/www.spsressources.ch\/wordpress\/?page_id=6022"},"modified":"2014-04-04T12:52:04","modified_gmt":"2014-04-04T12:52:04","slug":"vocabulaire","status":"publish","type":"page","link":"http:\/\/www.spsressources.ch\/wordpress\/?page_id=6022","title":{"rendered":"Vocabulaire"},"content":{"rendered":"<p style=\"text-align: center;\">Vocabulaire : un jeu \u00e0 emprunter dans notre armoire !<a href=\"http:\/\/www.spsressources.ch\/wordpress\/wp-content\/uploads\/2012\/10\/Image-28.png\"><img loading=\"lazy\" decoding=\"async\" class=\"aligncenter size-full wp-image-6023\" title=\"Image 28\" src=\"http:\/\/www.spsressources.ch\/wordpress\/wp-content\/uploads\/2012\/10\/Image-28.png\" alt=\"\" width=\"403\" height=\"264\" srcset=\"http:\/\/www.spsressources.ch\/wordpress\/wp-content\/uploads\/2012\/10\/Image-28.png 960w, http:\/\/www.spsressources.ch\/wordpress\/wp-content\/uploads\/2012\/10\/Image-28-300x196.png 300w\" sizes=\"auto, (max-width: 403px) 100vw, 403px\" \/><\/a><\/p>\n<p><span style=\"color: #ffffff;\">AEn deux boit<\/span><\/p>\n<p><span style=\"color: #ffffff;\">ers<\/span><\/p>\n<p>(10x9x13 cm), 450 mots dont 300 verbes extraits du Vocabulaire Fondamental de la Langue Fran\u00e7aise sont ici illustr\u00e9s et manipulables en fiches initialement con\u00e7ues pour les malentendants.<\/p>\n<p>Ces images, sous forme de rappels sch\u00e9matiques de la vie quotidienne, les aident \u00e0 cr\u00e9er les premi\u00e8res associations de mots pour mieux en comprendre le sens et construire ainsi le langage.<\/p>\n<p><img loading=\"lazy\" decoding=\"async\" src=\"http:\/\/www.ecoledesloisirs.fr\/catalogues\/auxiliaires\/assets\/images\/vocabulaire%20images.gif\" alt=\"\" width=\"150\" height=\"170\" align=\"right\" \/>Les dessins sont class\u00e9s suivant un ordre logique bas\u00e9 sur leur signification. Une liste alphab\u00e9tique permet de retrouver facilement chaque image gr\u00e2ce \u00e0 un num\u00e9ro imprim\u00e9 au dos de celle-ci.<\/p>\n<p>A la fois cours de langage et outil de travail attrayant, les deux boitiers du Vocabulaire en images sont pour tous les enfants, handicap\u00e9s ou non, un v\u00e9ritable jeu. Deviner le sens de chaque image est une joie tr\u00e8s stimulante.<\/p>\n<p>&nbsp;<\/p>\n<p>A emprunter dans notre armoire !<\/p>\n<p style=\"text-align: center;\"><a href=\"http:\/\/www.spsressources.ch\/wordpress\/wp-content\/uploads\/2012\/10\/Image-29.png\"><img loading=\"lazy\" decoding=\"async\" class=\"aligncenter size-full wp-image-6024\" title=\"Image 29\" src=\"http:\/\/www.spsressources.ch\/wordpress\/wp-content\/uploads\/2012\/10\/Image-29.png\" alt=\"\" width=\"396\" height=\"292\" srcset=\"http:\/\/www.spsressources.ch\/wordpress\/wp-content\/uploads\/2012\/10\/Image-29.png 943w, http:\/\/www.spsressources.ch\/wordpress\/wp-content\/uploads\/2012\/10\/Image-29-300x221.png 300w\" sizes=\"auto, (max-width: 396px) 100vw, 396px\" \/><\/a><\/p>\n","protected":false},"excerpt":{"rendered":"<p>Vocabulaire : un jeu \u00e0 emprunter dans notre armoire ! AEn deux boit ers (10x9x13 cm), 450 mots dont 300 verbes extraits du Vocabulaire Fondamental de la Langue Fran\u00e7aise sont ici illustr\u00e9s et manipulables en fiches initialement con\u00e7ues pour les &hellip; <a href=\"http:\/\/www.spsressources.ch\/wordpress\/?page_id=6022\">Continuer la lecture <span class=\"meta-nav\">&rarr;<\/span><\/a><\/p>\n","protected":false},"author":3472,"featured_media":0,"parent":11188,"menu_order":0,"comment_status":"open","ping_status":"closed","template":"","meta":{"footnotes":""},"class_list":["post-6022","page","type-page","status-publish","hentry"],"_links":{"self":[{"href":"http:\/\/www.spsressources.ch\/wordpress\/index.php?rest_route=\/wp\/v2\/pages\/6022","targetHints":{"allow":["GET"]}}],"collection":[{"href":"http:\/\/www.spsressources.ch\/wordpress\/index.php?rest_route=\/wp\/v2\/pages"}],"about":[{"href":"http:\/\/www.spsressources.ch\/wordpress\/index.php?rest_route=\/wp\/v2\/types\/page"}],"author":[{"embeddable":true,"href":"http:\/\/www.spsressources.ch\/wordpress\/index.php?rest_route=\/wp\/v2\/users\/3472"}],"replies":[{"embeddable":true,"href":"http:\/\/www.spsressources.ch\/wordpress\/index.php?rest_route=%2Fwp%2Fv2%2Fcomments&post=6022"}],"version-history":[{"count":11,"href":"http:\/\/www.spsressources.ch\/wordpress\/index.php?rest_route=\/wp\/v2\/pages\/6022\/revisions"}],"predecessor-version":[{"id":6026,"href":"http:\/\/www.spsressources.ch\/wordpress\/index.php?rest_route=\/wp\/v2\/pages\/6022\/revisions\/6026"}],"up":[{"embeddable":true,"href":"http:\/\/www.spsressources.ch\/wordpress\/index.php?rest_route=\/wp\/v2\/pages\/11188"}],"wp:attachment":[{"href":"http:\/\/www.spsressources.ch\/wordpress\/index.php?rest_route=%2Fwp%2Fv2%2Fmedia&parent=6022"}],"curies":[{"name":"wp","href":"https:\/\/api.w.org\/{rel}","templated":true}]}}