{"id":5573,"date":"2012-09-11T19:54:38","date_gmt":"2012-09-11T19:54:38","guid":{"rendered":"http:\/\/www.spsressources.ch\/wordpress\/?page_id=5573"},"modified":"2013-12-17T08:13:20","modified_gmt":"2013-12-17T08:13:20","slug":"5573-2","status":"publish","type":"page","link":"http:\/\/www.spsressources.ch\/wordpress\/?page_id=5573","title":{"rendered":"Calcul litt\u00e9ral"},"content":{"rendered":"<p style=\"text-align: left;\"><strong><a href=\"http:\/\/www.spsressources.ch\/wordpress\/wp-content\/uploads\/2012\/09\/Image-55.png\"><br \/>\n<\/a>Support \u00e0 la r\u00e9alisation de calcul litt\u00e9ra<\/strong>l<br \/>\n<strong><a href=\"http:\/\/www.spsressources.ch\/wordpress\/wp-content\/uploads\/2012\/09\/Capture-d%E2%80%99%C3%A9cran-2012-09-11-%C3%A0-23.31.07.png\"><img loading=\"lazy\" decoding=\"async\" title=\"Capture d\u2019\u00e9cran 2012-09-11 \u00e0 23.31.07\" src=\"http:\/\/www.spsressources.ch\/wordpress\/wp-content\/uploads\/2012\/09\/Capture-d%E2%80%99%C3%A9cran-2012-09-11-%C3%A0-23.31.07.png\" alt=\"\" width=\"254\" height=\"117\" \/><\/a><\/strong><a href=\"http:\/\/www.spsressources.ch\/wordpress\/wp-content\/uploads\/2012\/09\/Capture-d%E2%80%99%C3%A9cran-2012-09-11-%C3%A0-23.17.27.png\"><img loading=\"lazy\" decoding=\"async\" title=\"Capture d\u2019\u00e9cran 2012-09-11 \u00e0 23.17.27\" src=\"http:\/\/www.spsressources.ch\/wordpress\/wp-content\/uploads\/2012\/09\/Capture-d%E2%80%99%C3%A9cran-2012-09-11-%C3%A0-23.17.27.png\" alt=\"\" width=\"231\" height=\"137\" \/><\/a><a href=\"http:\/\/www.spsressources.ch\/wordpress\/wp-content\/uploads\/2012\/09\/Capture-d\u2019\u00e9cran-2012-09-11-\u00e0-21.39.08.png\"><img loading=\"lazy\" decoding=\"async\" title=\"Capture d\u2019\u00e9cran 2012-09-11 \u00e0 21.39.08\" src=\"http:\/\/www.spsressources.ch\/wordpress\/wp-content\/uploads\/2012\/09\/Capture-d\u2019\u00e9cran-2012-09-11-\u00e0-21.39.08.png\" alt=\"\" width=\"333\" height=\"129\" \/><\/a><a href=\"http:\/\/www.spsressources.ch\/wordpress\/wp-content\/uploads\/2012\/09\/Capture-d%E2%80%99%C3%A9cran-2012-09-11-%C3%A0-22.51.17.png\"><br \/>\n<\/a>Ce support permet \u00e0 l&rsquo;enfant de r\u00e9aliser des calculs litt\u00e9raux.<\/p>\n<p>La bande amovible permet \u00e0 l&rsquo;enfant \u00a0gr\u00e2ce \u00e0 la manipulation de modifier \u00a0un nombre x par exemple !<\/p>\n<p>&nbsp;<\/p>\n<p>Par ex: <span style=\"color: #0000ff;\"><strong>x + 2 =<\/strong><\/span><\/p>\n<address>(l&rsquo;enfant inscrit le calcul\u00a0 au stylo effa\u00e7able)<br \/>\n<a href=\"http:\/\/www.spsressources.ch\/wordpress\/wp-content\/uploads\/2012\/09\/Capture-d\u2019\u00e9cran-2012-09-11-\u00e0-21.39.481.png\"><img loading=\"lazy\" decoding=\"async\" title=\"Capture d\u2019\u00e9cran 2012-09-11 \u00e0 21.38.55\" src=\"http:\/\/www.spsressources.ch\/wordpress\/wp-content\/uploads\/2012\/09\/Capture-d\u2019\u00e9cran-2012-09-11-\u00e0-21.38.55.png\" alt=\"\" width=\"269\" height=\"119\" \/><img loading=\"lazy\" decoding=\"async\" title=\"Capture d\u2019\u00e9cran 2012-09-11 \u00e0 21.56.36\" src=\"http:\/\/www.spsressources.ch\/wordpress\/wp-content\/uploads\/2012\/09\/Capture-d\u2019\u00e9cran-2012-09-11-\u00e0-21.56.361.png\" alt=\"\" width=\"291\" height=\"119\" \/><br \/>\n<\/a><a href=\"http:\/\/www.spsressources.ch\/wordpress\/wp-content\/uploads\/2012\/09\/Capture-d\u2019\u00e9cran-2012-09-11-\u00e0-21.39.481.png\"><br \/>\n<\/a><span style=\"color: #0000ff;\"><strong>Si x vaut 1<\/strong><\/span><\/address>\n<address>Puis l&rsquo;enfant effectue le calcul apr\u00e8s avoir tir\u00e9 sur la bande pour que le nombre x soit 1<a href=\"http:\/\/www.spsressources.ch\/wordpress\/wp-content\/uploads\/2012\/09\/Capture-d\u2019\u00e9cran-2012-09-11-\u00e0-21.38.08.png\"><br \/>\n<\/a><a href=\"http:\/\/www.spsressources.ch\/wordpress\/wp-content\/uploads\/2012\/09\/Capture-d\u2019\u00e9cran-2012-09-11-\u00e0-21.38.08.png\"><img loading=\"lazy\" decoding=\"async\" title=\"Capture d\u2019\u00e9cran 2012-09-11 \u00e0 21.38.08\" src=\"http:\/\/www.spsressources.ch\/wordpress\/wp-content\/uploads\/2012\/09\/Capture-d\u2019\u00e9cran-2012-09-11-\u00e0-21.38.08.png\" alt=\"\" width=\"280\" height=\"119\" \/><\/a><img loading=\"lazy\" decoding=\"async\" title=\"Capture d\u2019\u00e9cran 2012-09-11 \u00e0 21.38.14\" src=\"http:\/\/www.spsressources.ch\/wordpress\/wp-content\/uploads\/2012\/09\/Capture-d\u2019\u00e9cran-2012-09-11-\u00e0-21.38.14.png\" alt=\"\" width=\"316\" height=\"120\" \/><\/address>\n<p><span style=\"color: #0000ff;\"><strong>Si x vaut 2<\/strong><\/span><\/p>\n<address>Et il peut tirer sur la bande amovible pour faire appara\u00eetre un autre nombre pour x (ici x =2)<a href=\"http:\/\/www.spsressources.ch\/wordpress\/wp-content\/uploads\/2012\/09\/Capture-d\u2019\u00e9cran-2012-09-11-\u00e0-21.38.14.png\"><br \/>\n<img loading=\"lazy\" decoding=\"async\" title=\"Capture d\u2019\u00e9cran 2012-09-11 \u00e0 21.56.47\" src=\"http:\/\/www.spsressources.ch\/wordpress\/wp-content\/uploads\/2012\/09\/Capture-d\u2019\u00e9cran-2012-09-11-\u00e0-21.56.47.png\" alt=\"\" width=\"274\" height=\"143\" \/><\/a><a href=\"http:\/\/www.spsressources.ch\/wordpress\/wp-content\/uploads\/2012\/09\/Capture-d\u2019\u00e9cran-2012-09-11-\u00e0-21.56.36.png\"><br \/>\n<\/a><\/address>\n<p>etc&#8230;. pour d&rsquo;autres calculs\u00a0<a href=\"http:\/\/www.spsressources.ch\/wordpress\/wp-content\/uploads\/2012\/09\/Capture-d\u2019\u00e9cran-2012-09-11-\u00e0-21.38.38.png\"><br \/>\n<\/a><a href=\"http:\/\/www.spsressources.ch\/wordpress\/wp-content\/uploads\/2012\/09\/Capture-d\u2019\u00e9cran-2012-09-11-\u00e0-21.38.55.png\"><br \/>\n<\/a><a href=\"http:\/\/www.spsressources.ch\/wordpress\/wp-content\/uploads\/2012\/09\/Capture-d\u2019\u00e9cran-2012-09-11-\u00e0-21.39.26.png\"><br \/>\n<\/a><\/p>\n<p>Voici les \u00e9l\u00e9ments \u00e0 imprimer et \u00e0 plasifier.<\/p>\n<p>Attention, il faut enfiler la bande amovible \u00e0 l&rsquo;endroit pr\u00e9vu apr\u00e8s avoir effectu\u00e9 des fentes<\/p>\n<p><a href=\"http:\/\/www.spsressources.ch\/wordpress\/wp-content\/uploads\/2012\/09\/Capture-d\u2019\u00e9cran-2012-09-11-\u00e0-21.38.38.png\"><img loading=\"lazy\" decoding=\"async\" title=\"Capture d\u2019\u00e9cran 2012-09-11 \u00e0 21.38.38\" src=\"http:\/\/www.spsressources.ch\/wordpress\/wp-content\/uploads\/2012\/09\/Capture-d\u2019\u00e9cran-2012-09-11-\u00e0-21.38.38.png\" alt=\"\" width=\"298\" height=\"155\" \/><img loading=\"lazy\" decoding=\"async\" title=\"Capture d\u2019\u00e9cran 2012-09-11 \u00e0 22.51.17\" src=\"http:\/\/www.spsressources.ch\/wordpress\/wp-content\/uploads\/2012\/09\/Capture-d\u2019\u00e9cran-2012-09-11-\u00e0-22.51.17.png\" alt=\"\" width=\"160\" height=\"129\" \/><br \/>\n<\/a><a href=\"http:\/\/www.spsressources.ch\/wordpress\/wp-content\/uploads\/2012\/09\/Capture-d\u2019\u00e9cran-2012-09-11-\u00e0-22.51.26.png\"><br \/>\n<\/a><\/p>\n<p><a href=\"http:\/\/www.spsressources.ch\/wordpress\/wp-content\/uploads\/2012\/09\/calcul-litt\u00e9ral.pdf\">cliquez ici pour t\u00e9l\u00e9charger la bande amovible<br \/>\n<\/a><a href=\"http:\/\/www.spsressources.ch\/wordpress\/wp-content\/uploads\/2012\/09\/Capture-d\u2019\u00e9cran-2012-09-11-\u00e0-22.27.24.png\"><img loading=\"lazy\" decoding=\"async\" title=\"Capture d\u2019\u00e9cran 2012-09-11 \u00e0 22.27.24\" src=\"http:\/\/www.spsressources.ch\/wordpress\/wp-content\/uploads\/2012\/09\/Capture-d\u2019\u00e9cran-2012-09-11-\u00e0-22.27.24.png\" alt=\"\" width=\"97\" height=\"278\" \/><\/a><\/p>\n<p>&nbsp;<\/p>\n<p>&nbsp;<\/p>\n<p><span style=\"text-decoration: underline;\"><span style=\"color: #800080; text-decoration: underline;\"><a href=\"http:\/\/www.spsressources.ch\/wordpress\/wp-content\/uploads\/2012\/09\/calcul-litt\u00e9ral-avec-une-lettre-a.pdf\"><span style=\"color: #800080; text-decoration: underline;\">cliquez ici pour ouvrir le document : calcul litt\u00e9ral avec une \u00a0seule lettre\u00a0<\/span><\/a><\/span><\/span><\/p>\n<p><span style=\"text-decoration: underline;\"><span style=\"color: #800080; text-decoration: underline;\"><a href=\"http:\/\/www.spsressources.ch\/wordpress\/wp-content\/uploads\/2012\/09\/calcul-litt\u00e9ral-avec-deux-lettres-ab.pdf\"><span style=\"color: #800080; text-decoration: underline;\">cliquez ici pour ouvrir le document: calcul litt\u00e9ral avec deux lettres\u00a0<\/span><\/a><a href=\"http:\/\/www.spsressources.ch\/wordpress\/wp-content\/uploads\/2012\/09\/calcul-litt\u00e9ral-2.pdf\"><span style=\"color: #800080; text-decoration: underline;\"><br \/>\n<\/span><\/a> <a href=\"http:\/\/www.spsressources.ch\/wordpress\/wp-content\/uploads\/2012\/09\/Capture-d\u2019\u00e9cran-2012-09-11-\u00e0-22.27.34.png\"><span style=\"color: #800080; text-decoration: underline;\"><img loading=\"lazy\" decoding=\"async\" title=\"Capture d\u2019\u00e9cran 2012-09-11 \u00e0 22.27.34\" src=\"http:\/\/www.spsressources.ch\/wordpress\/wp-content\/uploads\/2012\/09\/Capture-d\u2019\u00e9cran-2012-09-11-\u00e0-22.27.34.png\" alt=\"\" width=\"227\" height=\"325\" \/><\/span><\/a><\/span><\/span><a href=\"http:\/\/www.spsressources.ch\/wordpress\/wp-content\/uploads\/2012\/09\/Capture-d\u2019\u00e9cran-2012-09-11-\u00e0-21.39.26.png\"><br \/>\n<\/a><\/p>\n<p><strong>Voici une carte pour ne pas confondre l&rsquo;addition et la multiplication\u00a0<\/strong><\/p>\n<p><span style=\"text-decoration: underline;\"><span style=\"color: #800080; text-decoration: underline;\"><strong><a href=\"http:\/\/www.spsressources.ch\/wordpress\/wp-content\/uploads\/2012\/09\/+-ou-x.pdf\"><span style=\"color: #800080; text-decoration: underline;\">Cliquez ici pour t\u00e9l\u00e9charger la carte suivante :\u00a0<\/span><\/a><\/strong><\/span><\/span><\/p>\n<p><strong><a href=\"http:\/\/www.spsressources.ch\/wordpress\/wp-content\/uploads\/2012\/09\/Image-55.png\"><img loading=\"lazy\" decoding=\"async\" title=\"Image 55\" src=\"http:\/\/www.spsressources.ch\/wordpress\/wp-content\/uploads\/2012\/09\/Image-55.png\" alt=\"\" width=\"373\" height=\"518\" \/><\/a><\/strong><\/p>\n<p><span style=\"text-decoration: underline;\"><span style=\"color: #800080;\"><a href=\"http:\/\/alphaetcoetera.canalblog.com\/archives\/2010\/02\/06\/15617502.html\"><span style=\"color: #800080; text-decoration: underline;\">Cliquez ici pour t\u00e9l\u00e9charger les polices de carat\u00e8res Monsieur-Madame<\/span><\/a><\/span><\/span><a href=\"http:\/\/www.spsressources.ch\/wordpress\/wp-content\/uploads\/2012\/09\/Image-271.png\"><img loading=\"lazy\" decoding=\"async\" title=\"Image 27\" src=\"http:\/\/www.spsressources.ch\/wordpress\/wp-content\/uploads\/2012\/09\/Image-271.png\" alt=\"\" width=\"528\" height=\"168\" \/><\/a><\/p>\n<div><span class=\"Apple-style-span\" style=\"font-size: 16px; line-height: 24px;\"><br \/>\n<\/span><\/div>\n","protected":false},"excerpt":{"rendered":"<p>Support \u00e0 la r\u00e9alisation de calcul litt\u00e9ral Ce support permet \u00e0 l&rsquo;enfant de r\u00e9aliser des calculs litt\u00e9raux. La bande amovible permet \u00e0 l&rsquo;enfant \u00a0gr\u00e2ce \u00e0 la manipulation de modifier \u00a0un nombre x par exemple ! &nbsp; Par ex: x + &hellip; <a href=\"http:\/\/www.spsressources.ch\/wordpress\/?page_id=5573\">Continuer la lecture <span class=\"meta-nav\">&rarr;<\/span><\/a><\/p>\n","protected":false},"author":3472,"featured_media":0,"parent":9614,"menu_order":0,"comment_status":"open","ping_status":"closed","template":"","meta":{"footnotes":""},"class_list":["post-5573","page","type-page","status-publish","hentry"],"_links":{"self":[{"href":"http:\/\/www.spsressources.ch\/wordpress\/index.php?rest_route=\/wp\/v2\/pages\/5573","targetHints":{"allow":["GET"]}}],"collection":[{"href":"http:\/\/www.spsressources.ch\/wordpress\/index.php?rest_route=\/wp\/v2\/pages"}],"about":[{"href":"http:\/\/www.spsressources.ch\/wordpress\/index.php?rest_route=\/wp\/v2\/types\/page"}],"author":[{"embeddable":true,"href":"http:\/\/www.spsressources.ch\/wordpress\/index.php?rest_route=\/wp\/v2\/users\/3472"}],"replies":[{"embeddable":true,"href":"http:\/\/www.spsressources.ch\/wordpress\/index.php?rest_route=%2Fwp%2Fv2%2Fcomments&post=5573"}],"version-history":[{"count":41,"href":"http:\/\/www.spsressources.ch\/wordpress\/index.php?rest_route=\/wp\/v2\/pages\/5573\/revisions"}],"predecessor-version":[{"id":5575,"href":"http:\/\/www.spsressources.ch\/wordpress\/index.php?rest_route=\/wp\/v2\/pages\/5573\/revisions\/5575"}],"up":[{"embeddable":true,"href":"http:\/\/www.spsressources.ch\/wordpress\/index.php?rest_route=\/wp\/v2\/pages\/9614"}],"wp:attachment":[{"href":"http:\/\/www.spsressources.ch\/wordpress\/index.php?rest_route=%2Fwp%2Fv2%2Fmedia&parent=5573"}],"curies":[{"name":"wp","href":"https:\/\/api.w.org\/{rel}","templated":true}]}}