{"id":5287,"date":"2012-09-05T19:34:12","date_gmt":"2012-09-05T19:34:12","guid":{"rendered":"http:\/\/www.spsressources.ch\/wordpress\/?page_id=5287"},"modified":"2014-03-04T13:39:52","modified_gmt":"2014-03-04T13:39:52","slug":"les-aires","status":"publish","type":"page","link":"http:\/\/www.spsressources.ch\/wordpress\/?page_id=5287","title":{"rendered":"Calculs des aires"},"content":{"rendered":"<p style=\"text-align: center;\"><a href=\"http:\/\/www.spsressources.ch\/wordpress\/wp-content\/uploads\/2012\/09\/Image-54.png\"><br \/>\n<\/a><a href=\"http:\/\/www.spsressources.ch\/wordpress\/wp-content\/uploads\/2012\/09\/Image-53.png\"><br \/>\n<\/a>Les cartes supports pour r\u00e9aliser\u00a0<strong>des calculs\u00a0<\/strong><strong>d&rsquo;aires.<\/strong><\/p>\n<p>Ces cartes-supports de format A5 \u00a0accompagnent l\u2019enfant dans la\u00a0<strong>r\u00e9alisation de diff\u00e9rents probl\u00e8mes li\u00e9s aux calculs \u00a0d&rsquo;aires <\/strong>(voire aussi\u00a0<span style=\"text-decoration: underline;\"><span style=\"color: #800080; text-decoration: underline;\"><a href=\"http:\/\/www.spsressources.ch\/wordpress\/?page_id=5296\"><span style=\"color: #800080; text-decoration: underline;\">p\u00e9rim\u00e8tres<\/span><\/a><\/span><\/span>\u00a0et\u00a0<span style=\"text-decoration: underline;\"><span style=\"color: #800080;\"><a href=\"http:\/\/www.spsressources.ch\/wordpress\/?page_id=5280\"><span style=\"color: #800080; text-decoration: underline;\">volumes<\/span><\/a><\/span><\/span>).\u00a0Elles ont \u00e9t\u00e9 cr\u00e9es pour accompagner un enfant souffrant de dyscalculie.\u00a0L&rsquo;enfant est guid\u00e9 dans la d\u00e9marche. Il \u00a0inscrit \u00a0les diff\u00e9rentes mesures et r\u00e9alise les calculs plus facilement.<\/p>\n<p>Ces cartes sont plastifi\u00e9es et permettent \u00e0 l\u2019enfant de s\u2019exercer en utilisant un stylo effa\u00e7able.<\/p>\n<p><img loading=\"lazy\" decoding=\"async\" title=\"Capture d\u2019\u00e9cran 2012-09-05 \u00e0 15.28.13\" src=\"http:\/\/www.spsressources.ch\/wordpress\/wp-content\/uploads\/2012\/09\/Capture-d\u2019\u00e9cran-2012-09-05-\u00e0-15.28.131.png\" alt=\"\" width=\"276\" height=\"224\" \/><\/p>\n<p>(ci-dessus, carte-support \u00e0 la r\u00e9alisation de calculs de volumes)<\/p>\n<p>&nbsp;<\/p>\n<p><span style=\"text-decoration: underline; color: #800080;\"><a href=\"http:\/\/www.spsressources.ch\/wordpress\/wp-content\/uploads\/2012\/09\/carte-support-\u00e0-laire-dun-cercle2.pdf\"><span style=\"color: #800080; text-decoration: underline;\">carte support \u00e0 l&rsquo;aire d&rsquo;un cercle<\/span><\/a><\/span><\/p>\n<p><img loading=\"lazy\" decoding=\"async\" title=\"Image 53\" src=\"http:\/\/www.spsressources.ch\/wordpress\/wp-content\/uploads\/2012\/09\/Image-53.png\" alt=\"\" width=\"165\" height=\"236\" \/><\/p>\n<p><span style=\"text-decoration: underline;\"><span style=\"color: #800080; text-decoration: underline;\"><a href=\"http:\/\/www.spsressources.ch\/wordpress\/wp-content\/uploads\/2012\/09\/carte-support-\u00e0-laire-dun-triangle1.pdf\"><span style=\"color: #800080; text-decoration: underline;\">carte support \u00e0 l&rsquo;aire d&rsquo;un triangle<\/span><\/a><\/span><\/span><\/p>\n<p><a href=\"http:\/\/www.spsressources.ch\/wordpress\/wp-content\/uploads\/2012\/09\/carte-support-au-perim\u00e8tre-trianglemod\u00e8le.pdf\"><br \/>\n<\/a><a href=\"http:\/\/www.spsressources.ch\/wordpress\/wp-content\/uploads\/2012\/09\/Capture-d\u2019\u00e9cran-2012-09-05-\u00e0-15.53.54.png\"><img loading=\"lazy\" decoding=\"async\" title=\"Capture d\u2019\u00e9cran 2012-09-05 \u00e0 15.53.54\" src=\"http:\/\/www.spsressources.ch\/wordpress\/wp-content\/uploads\/2012\/09\/Capture-d\u2019\u00e9cran-2012-09-05-\u00e0-15.53.54.png\" alt=\"\" width=\"221\" height=\"326\" \/><\/a><\/p>\n<p>&nbsp;<\/p>\n<p>&nbsp;<\/p>\n<p><span style=\"text-decoration: underline;\"><span style=\"color: #800080; text-decoration: underline;\"><a href=\"http:\/\/www.spsressources.ch\/wordpress\/wp-content\/uploads\/2012\/09\/carte-support-\u00e0-laire-dun-carr\u00e9.pdf\"><span style=\"color: #800080; text-decoration: underline;\">carte support \u00e0 l&rsquo;aire d&rsquo;un carr\u00e9<\/span><\/a><\/span><\/span><\/p>\n<p>&nbsp;<\/p>\n<p><a href=\"http:\/\/www.spsressources.ch\/wordpress\/wp-content\/uploads\/2012\/09\/Image-13.png\"><img loading=\"lazy\" decoding=\"async\" title=\"Image 13\" src=\"http:\/\/www.spsressources.ch\/wordpress\/wp-content\/uploads\/2012\/09\/Image-13.png\" alt=\"\" width=\"205\" height=\"310\" \/><\/a><\/p>\n<p><span style=\"text-decoration: underline;\"><span style=\"color: #800080; text-decoration: underline;\"><a href=\"http:\/\/www.spsressources.ch\/wordpress\/wp-content\/uploads\/2012\/09\/carte-support-\u00e0-laire-dun-parall\u00e8logramme.pdf\"><span style=\"color: #800080; text-decoration: underline;\">carte support \u00e0 l&rsquo;aire d&rsquo;un parall\u00e9logramm<\/span><\/a><span class=\"Apple-style-span\" style=\"font-family: Georgia, 'Times New Roman', 'Bitstream Charter', Times, serif; font-size: 12px; line-height: 18px;\"><span class=\"Apple-style-span\" style=\"font-size: 16px; font-family: Georgia, 'Bitstream Charter', serif; line-height: 24px;\"><a href=\"http:\/\/www.spsressources.ch\/wordpress\/wp-content\/uploads\/2012\/09\/carte-support-\u00e0-laire-dun-parall\u00e8logramme.pdf\"><span style=\"color: #800080; text-decoration: underline;\">e<\/span><\/a><\/span><\/span><\/span><\/span><\/p>\n<p><a href=\"http:\/\/www.spsressources.ch\/wordpress\/wp-content\/uploads\/2012\/09\/carte-support-\u00e0-laire-dun-triangle1.pdf\"><img loading=\"lazy\" decoding=\"async\" title=\"Image 14\" src=\"http:\/\/www.spsressources.ch\/wordpress\/wp-content\/uploads\/2012\/09\/Image-14.png\" alt=\"\" width=\"247\" height=\"354\" \/><\/a><\/p>\n<p><span style=\"text-decoration: underline;\"><span style=\"color: #800080; text-decoration: underline;\"><a href=\"http:\/\/www.spsressources.ch\/wordpress\/wp-content\/uploads\/2012\/09\/carte-support-\u00e0-laire-dun-triangle1.pdf\"><span style=\"color: #800080; text-decoration: underline;\">carte support \u00e0 l&rsquo;aire d&rsquo;un triangle<\/span><\/a><\/span><\/span><\/p>\n<p><a href=\"http:\/\/www.spsressources.ch\/wordpress\/wp-content\/uploads\/2012\/09\/Image-16.png\"><img loading=\"lazy\" decoding=\"async\" title=\"Image 16\" src=\"http:\/\/www.spsressources.ch\/wordpress\/wp-content\/uploads\/2012\/09\/Image-16.png\" alt=\"\" width=\"277\" height=\"392\" \/><\/a><\/p>\n<p><span style=\"text-decoration: underline;\"><span style=\"color: #800080; text-decoration: underline;\"><a href=\"http:\/\/www.spsressources.ch\/wordpress\/wp-content\/uploads\/2012\/09\/carte-support-\u00e0-laire-dun-losange1.pdf\"><span style=\"color: #800080; text-decoration: underline;\">carte support \u00e0 l&rsquo;aire d&rsquo;un losange<\/span><\/a><\/span><\/span><\/p>\n<p><img loading=\"lazy\" decoding=\"async\" title=\"Image 17\" src=\"http:\/\/www.spsressources.ch\/wordpress\/wp-content\/uploads\/2012\/09\/Image-17.png\" alt=\"\" width=\"288\" height=\"421\" \/><\/p>\n<p>&nbsp;<\/p>\n<p><span style=\"text-decoration: underline;\"><span style=\"color: #800080; text-decoration: underline;\"><a href=\"http:\/\/www.spsressources.ch\/wordpress\/wp-content\/uploads\/2012\/09\/carte-support-\u00e0-laire-dun-trap\u00e8ze.pdf\"><span style=\"color: #800080; text-decoration: underline;\">carte support \u00e0 l&rsquo;aire d&rsquo;un trap\u00e8ze<\/span><\/a><\/span><\/span><\/p>\n<p><a href=\"http:\/\/www.spsressources.ch\/wordpress\/wp-content\/uploads\/2012\/09\/Image-54.png\"><img loading=\"lazy\" decoding=\"async\" title=\"Image 54\" src=\"http:\/\/www.spsressources.ch\/wordpress\/wp-content\/uploads\/2012\/09\/Image-54.png\" alt=\"\" width=\"203\" height=\"298\" \/><\/a><\/p>\n<p><span style=\"text-decoration: underline;\"><span style=\"color: #800080; text-decoration: underline;\"><a href=\"http:\/\/www.spsressources.ch\/wordpress\/wp-content\/uploads\/2012\/09\/carte-support-\u00e0-laire-dun-polygones.pdf\"><span style=\"color: #800080; text-decoration: underline;\">carte support \u00e0 l&rsquo;aire d&rsquo;un polygones<\/span><\/a><\/span><\/span><\/p>\n<p><a href=\"http:\/\/www.spsressources.ch\/wordpress\/wp-content\/uploads\/2012\/09\/Image-18.png\"><img loading=\"lazy\" decoding=\"async\" title=\"Image 18\" src=\"http:\/\/www.spsressources.ch\/wordpress\/wp-content\/uploads\/2012\/09\/Image-18.png\" alt=\"\" width=\"244\" height=\"364\" \/><\/a><\/p>\n<p><span style=\"text-decoration: underline;\"><span style=\"color: #800080; text-decoration: underline;\"><a href=\"http:\/\/www.spsressources.ch\/wordpress\/wp-content\/uploads\/2012\/09\/calcul-de-langle-et-de-larc-de-cercle1.pdf\"><span style=\"color: #800080; text-decoration: underline;\">Cliquez ici pour ouvrir la carte support au calcul du p\u00e9rim\u00e8tre et de l&rsquo;aire de l&rsquo;arc de cercle<\/span><\/a><\/span><\/span><\/p>\n<p><a href=\"http:\/\/www.spsressources.ch\/wordpress\/wp-content\/uploads\/2012\/09\/Image-332.png\"><img loading=\"lazy\" decoding=\"async\" class=\"alignnone size-medium wp-image-6634\" title=\"Image 33\" src=\"http:\/\/www.spsressources.ch\/wordpress\/wp-content\/uploads\/2012\/09\/Image-332-210x300.png\" alt=\"\" width=\"210\" height=\"300\" srcset=\"http:\/\/www.spsressources.ch\/wordpress\/wp-content\/uploads\/2012\/09\/Image-332-210x300.png 210w, http:\/\/www.spsressources.ch\/wordpress\/wp-content\/uploads\/2012\/09\/Image-332.png 371w\" sizes=\"auto, (max-width: 210px) 100vw, 210px\" \/><\/a><\/p>\n","protected":false},"excerpt":{"rendered":"<p>Les cartes supports pour r\u00e9aliser\u00a0des calculs\u00a0d&rsquo;aires. Ces cartes-supports de format A5 \u00a0accompagnent l\u2019enfant dans la\u00a0r\u00e9alisation de diff\u00e9rents probl\u00e8mes li\u00e9s aux calculs \u00a0d&rsquo;aires (voire aussi\u00a0p\u00e9rim\u00e8tres\u00a0et\u00a0volumes).\u00a0Elles ont \u00e9t\u00e9 cr\u00e9es pour accompagner un enfant souffrant de dyscalculie.\u00a0L&rsquo;enfant est guid\u00e9 dans la d\u00e9marche. Il &hellip; <a href=\"http:\/\/www.spsressources.ch\/wordpress\/?page_id=5287\">Continuer la lecture <span class=\"meta-nav\">&rarr;<\/span><\/a><\/p>\n","protected":false},"author":3472,"featured_media":0,"parent":5140,"menu_order":0,"comment_status":"open","ping_status":"closed","template":"","meta":{"footnotes":""},"class_list":["post-5287","page","type-page","status-publish","hentry"],"_links":{"self":[{"href":"http:\/\/www.spsressources.ch\/wordpress\/index.php?rest_route=\/wp\/v2\/pages\/5287","targetHints":{"allow":["GET"]}}],"collection":[{"href":"http:\/\/www.spsressources.ch\/wordpress\/index.php?rest_route=\/wp\/v2\/pages"}],"about":[{"href":"http:\/\/www.spsressources.ch\/wordpress\/index.php?rest_route=\/wp\/v2\/types\/page"}],"author":[{"embeddable":true,"href":"http:\/\/www.spsressources.ch\/wordpress\/index.php?rest_route=\/wp\/v2\/users\/3472"}],"replies":[{"embeddable":true,"href":"http:\/\/www.spsressources.ch\/wordpress\/index.php?rest_route=%2Fwp%2Fv2%2Fcomments&post=5287"}],"version-history":[{"count":27,"href":"http:\/\/www.spsressources.ch\/wordpress\/index.php?rest_route=\/wp\/v2\/pages\/5287\/revisions"}],"predecessor-version":[{"id":5289,"href":"http:\/\/www.spsressources.ch\/wordpress\/index.php?rest_route=\/wp\/v2\/pages\/5287\/revisions\/5289"}],"up":[{"embeddable":true,"href":"http:\/\/www.spsressources.ch\/wordpress\/index.php?rest_route=\/wp\/v2\/pages\/5140"}],"wp:attachment":[{"href":"http:\/\/www.spsressources.ch\/wordpress\/index.php?rest_route=%2Fwp%2Fv2%2Fmedia&parent=5287"}],"curies":[{"name":"wp","href":"https:\/\/api.w.org\/{rel}","templated":true}]}}