{"id":4047,"date":"2012-08-01T05:35:44","date_gmt":"2012-08-01T05:35:44","guid":{"rendered":"http:\/\/www.spsressources.ch\/wordpress\/?page_id=4047"},"modified":"2014-03-04T13:31:32","modified_gmt":"2014-03-04T13:31:32","slug":"mathematiques","status":"publish","type":"page","link":"http:\/\/www.spsressources.ch\/wordpress\/?page_id=4047","title":{"rendered":"Math\u00e9matiques"},"content":{"rendered":"<p>Veuillez naviguer dans le menu et s\u00e9lectionner une page !<\/p>\n<ul>\n<li><span style=\"text-decoration: underline;\"><span style=\"color: #800080;\"><a href=\" http:\/\/www.spsressources.ch\/wordpress\/?page_id=4030\"><span style=\"color: #800080; text-decoration: underline;\">Archives TSR : L&rsquo;as des r\u00e9glettes, ann\u00e9es 60<\/span><\/a><\/span><\/span><\/li>\n<\/ul>\n","protected":false},"excerpt":{"rendered":"<p>Veuillez naviguer dans le menu et s\u00e9lectionner une page ! Archives TSR : L&rsquo;as des r\u00e9glettes, ann\u00e9es 60<\/p>\n","protected":false},"author":3472,"featured_media":0,"parent":4023,"menu_order":0,"comment_status":"open","ping_status":"closed","template":"","meta":{"footnotes":""},"class_list":["post-4047","page","type-page","status-publish","hentry"],"_links":{"self":[{"href":"http:\/\/www.spsressources.ch\/wordpress\/index.php?rest_route=\/wp\/v2\/pages\/4047","targetHints":{"allow":["GET"]}}],"collection":[{"href":"http:\/\/www.spsressources.ch\/wordpress\/index.php?rest_route=\/wp\/v2\/pages"}],"about":[{"href":"http:\/\/www.spsressources.ch\/wordpress\/index.php?rest_route=\/wp\/v2\/types\/page"}],"author":[{"embeddable":true,"href":"http:\/\/www.spsressources.ch\/wordpress\/index.php?rest_route=\/wp\/v2\/users\/3472"}],"replies":[{"embeddable":true,"href":"http:\/\/www.spsressources.ch\/wordpress\/index.php?rest_route=%2Fwp%2Fv2%2Fcomments&post=4047"}],"version-history":[{"count":6,"href":"http:\/\/www.spsressources.ch\/wordpress\/index.php?rest_route=\/wp\/v2\/pages\/4047\/revisions"}],"predecessor-version":[{"id":4049,"href":"http:\/\/www.spsressources.ch\/wordpress\/index.php?rest_route=\/wp\/v2\/pages\/4047\/revisions\/4049"}],"up":[{"embeddable":true,"href":"http:\/\/www.spsressources.ch\/wordpress\/index.php?rest_route=\/wp\/v2\/pages\/4023"}],"wp:attachment":[{"href":"http:\/\/www.spsressources.ch\/wordpress\/index.php?rest_route=%2Fwp%2Fv2%2Fmedia&parent=4047"}],"curies":[{"name":"wp","href":"https:\/\/api.w.org\/{rel}","templated":true}]}}