{"id":3446,"date":"2012-02-25T11:27:29","date_gmt":"2012-02-25T11:27:29","guid":{"rendered":"http:\/\/www.vallelian.net\/sps\/wordpress\/?page_id=3446"},"modified":"2015-10-08T07:34:20","modified_gmt":"2015-10-08T07:34:20","slug":"numeration","status":"publish","type":"page","link":"http:\/\/www.spsressources.ch\/wordpress\/?page_id=3446","title":{"rendered":"Num\u00e9ration"},"content":{"rendered":"<p>Veuillez naviguer dans le menu et choisir un onglet<\/p>\n<ul>\n<li><span style=\"text-decoration: underline;\"><span style=\"color: #800080; text-decoration: underline;\"><a href=\"http:\/\/www.spsressources.ch\/wordpress\/?page_id=1199\"><span style=\"color: #800080; text-decoration: underline;\">la bande num\u00e9rique<\/span><\/a><\/span><\/span><\/li>\n<li><span style=\"text-decoration: underline;\"><span style=\"color: #800080; text-decoration: underline;\"><a href=\"http:\/\/www.spsressources.ch\/wordpress\/?page_id=3252 \"><span style=\"color: #800080; text-decoration: underline;\">le carnet d&rsquo;aide \u00e0 la num\u00e9ration<\/span><\/a><\/span><\/span><\/li>\n<li><span style=\"text-decoration: underline;\"><span style=\"color: #800080; text-decoration: underline;\"><a href=\"http:\/\/www.les-coccinelles.fr\/lienpage2\/numeration\/outils\/compteur.pdf\"><span style=\"color: #800080; text-decoration: underline;\">le compteur num\u00e9rique<\/span><\/a><\/span><\/span><\/li>\n<li><span style=\"text-decoration: underline;\"><span style=\"color: #800080; text-decoration: underline;\"><a href=\"http:\/\/www.spsressources.ch\/wordpress\/?page_id=2419\"><span style=\"color: #800080; text-decoration: underline;\">le m\u00e9mory des nombres<\/span><\/a><\/span><\/span><\/li>\n<li><span style=\"text-decoration: underline;\"><span style=\"color: #800080; text-decoration: underline;\"><a href=\"http:\/\/www.spsressources.ch\/wordpress\/?page_id=706\"><span style=\"color: #800080; text-decoration: underline;\">les r\u00e9glettes<\/span><\/a><\/span><\/span><\/li>\n<li><span style=\"text-decoration: underline;\"><span style=\"color: #800080; text-decoration: underline;\"><a href=\"http:\/\/www.spsressources.ch\/wordpress\/?page_id=3401\"><span style=\"color: #800080; text-decoration: underline;\">support \u00e0 la repr\u00e9sentation num\u00e9rique<\/span><\/a><\/span><\/span><\/li>\n<li><span style=\"text-decoration: underline;\"><span style=\"color: #800080; text-decoration: underline;\"><a href=\"http:\/\/www.spsressources.ch\/wordpress\/?page_id=3617\"><span style=\"color: #800080; text-decoration: underline;\">Support de base pour les r\u00e9glettes<\/span><\/a><\/span><\/span><\/li>\n<li><span style=\"text-decoration: underline;\"><span style=\"color: #800080; text-decoration: underline;\"><a href=\" http:\/\/www.spsressources.ch\/wordpress\/?page_id=2186\"><span style=\"color: #800080; text-decoration: underline;\">Tableau des nombres respectant un code couleur<\/span><\/a><\/span><\/span><\/li>\n<\/ul>\n","protected":false},"excerpt":{"rendered":"<p>Veuillez naviguer dans le menu et choisir un onglet la bande num\u00e9rique le carnet d&rsquo;aide \u00e0 la num\u00e9ration le compteur num\u00e9rique le m\u00e9mory des nombres les r\u00e9glettes support \u00e0 la repr\u00e9sentation num\u00e9rique Support de base pour les r\u00e9glettes Tableau des &hellip; <a href=\"http:\/\/www.spsressources.ch\/wordpress\/?page_id=3446\">Continuer la lecture <span class=\"meta-nav\">&rarr;<\/span><\/a><\/p>\n","protected":false},"author":3472,"featured_media":0,"parent":581,"menu_order":0,"comment_status":"open","ping_status":"closed","template":"","meta":{"footnotes":""},"class_list":["post-3446","page","type-page","status-publish","hentry"],"_links":{"self":[{"href":"http:\/\/www.spsressources.ch\/wordpress\/index.php?rest_route=\/wp\/v2\/pages\/3446","targetHints":{"allow":["GET"]}}],"collection":[{"href":"http:\/\/www.spsressources.ch\/wordpress\/index.php?rest_route=\/wp\/v2\/pages"}],"about":[{"href":"http:\/\/www.spsressources.ch\/wordpress\/index.php?rest_route=\/wp\/v2\/types\/page"}],"author":[{"embeddable":true,"href":"http:\/\/www.spsressources.ch\/wordpress\/index.php?rest_route=\/wp\/v2\/users\/3472"}],"replies":[{"embeddable":true,"href":"http:\/\/www.spsressources.ch\/wordpress\/index.php?rest_route=%2Fwp%2Fv2%2Fcomments&post=3446"}],"version-history":[{"count":11,"href":"http:\/\/www.spsressources.ch\/wordpress\/index.php?rest_route=\/wp\/v2\/pages\/3446\/revisions"}],"predecessor-version":[{"id":13235,"href":"http:\/\/www.spsressources.ch\/wordpress\/index.php?rest_route=\/wp\/v2\/pages\/3446\/revisions\/13235"}],"up":[{"embeddable":true,"href":"http:\/\/www.spsressources.ch\/wordpress\/index.php?rest_route=\/wp\/v2\/pages\/581"}],"wp:attachment":[{"href":"http:\/\/www.spsressources.ch\/wordpress\/index.php?rest_route=%2Fwp%2Fv2%2Fmedia&parent=3446"}],"curies":[{"name":"wp","href":"https:\/\/api.w.org\/{rel}","templated":true}]}}