{"id":341,"date":"2011-10-24T05:08:56","date_gmt":"2011-10-24T05:08:56","guid":{"rendered":"http:\/\/www.vallelian.net\/sps\/wordpress\/?page_id=341"},"modified":"2014-03-19T13:29:55","modified_gmt":"2014-03-19T13:29:55","slug":"le-syndrome-de-gilles-de-la-tourette","status":"publish","type":"page","link":"http:\/\/www.spsressources.ch\/wordpress\/?page_id=341","title":{"rendered":"Syndr\u00f4me de Gilles de la Tourette"},"content":{"rendered":"<p>Syndr\u00f4me Gilles\u00a0de la Tourette<\/p>\n<p><em><strong><br \/>\n<\/strong><\/em><\/p>\n<ul>\n<ul>\n<li><strong>Le syndr\u00f4me de Gilles de la Tourette<\/strong>, Question r\u00e9ponses 12 t\u00e9moignages Fiches pratiques, Catherie Marneur <em><strong>\u00a0<\/strong><\/em><\/li>\n<\/ul>\n<\/ul>\n<p><span class=\"Apple-style-span\" style=\"font-size: 16px; color: #444444; font-family: Georgia, 'Bitstream Charter', serif; line-height: 24px;\"><a href=\"http:\/\/www.vallelian.net\/sps\/wordpress\/wp-content\/uploads\/2011\/10\/Image-701.png\"><img loading=\"lazy\" decoding=\"async\" class=\"aligncenter size-full wp-image-1852\" title=\"Image 70\" src=\"http:\/\/www.vallelian.net\/sps\/wordpress\/wp-content\/uploads\/2011\/10\/Image-701.png\" alt=\"\" width=\"209\" height=\"312\" srcset=\"http:\/\/www.spsressources.ch\/wordpress\/wp-content\/uploads\/2011\/10\/Image-701.png 209w, http:\/\/www.spsressources.ch\/wordpress\/wp-content\/uploads\/2011\/10\/Image-701-200x300.png 200w\" sizes=\"auto, (max-width: 209px) 100vw, 209px\" \/><\/a><\/span><\/p>\n<ul>\n<ul>\n<li>\u00a0<strong>Brochure\u00a0:\u00a0<\/strong>L\u2019\u00e9l\u00e8ve et le Syndr\u00f4me de Gilles de la Tourette, Information pour l\u2019enseignant, Tourette Romandie, Groupe d\u2019\u00e9change pour le Syndr\u00f4me Gilles\u00a0 de la Tourette <em><strong>\u00a0<\/strong><\/em><\/li>\n<\/ul>\n<\/ul>\n<p style=\"text-align: center;\"><span class=\"Apple-style-span\" style=\"font-size: 16px; color: #444444; font-family: Georgia, 'Bitstream Charter', serif; line-height: 24px;\"><a href=\"http:\/\/www.tourette-romandie.ch\/docs\/guide_enseignants.pdf\">\u00a0Vous pouvez aussi cliquer\u00a0ici\u00a0\u00a0pour t\u00e9l\u00e9charger la brochure !<\/a><a href=\"http:\/\/www.vallelian.net\/sps\/wordpress\/wp-content\/uploads\/2011\/10\/Capture-d\u2019\u00e9cran-2011-11-30-\u00e0-14.12.161.png\"><br \/>\n<\/a><a href=\"http:\/\/www.tourette-romandie.ch\/docs\/guide_enseignants.pdf\"><img loading=\"lazy\" decoding=\"async\" class=\"size-full wp-image-10647 aligncenter\" title=\"Image 16\" src=\"http:\/\/www.spsressources.ch\/wordpress\/wp-content\/uploads\/2011\/10\/Image-163.png\" alt=\"\" width=\"250\" height=\"363\" srcset=\"http:\/\/www.spsressources.ch\/wordpress\/wp-content\/uploads\/2011\/10\/Image-163.png 416w, http:\/\/www.spsressources.ch\/wordpress\/wp-content\/uploads\/2011\/10\/Image-163-206x300.png 206w\" sizes=\"auto, (max-width: 250px) 100vw, 250px\" \/><\/a><br \/>\n<\/span><\/p>\n","protected":false},"excerpt":{"rendered":"<p>Syndr\u00f4me Gilles\u00a0de la Tourette Le syndr\u00f4me de Gilles de la Tourette, Question r\u00e9ponses 12 t\u00e9moignages Fiches pratiques, Catherie Marneur \u00a0 \u00a0Brochure\u00a0:\u00a0L\u2019\u00e9l\u00e8ve et le Syndr\u00f4me de Gilles de la Tourette, Information pour l\u2019enseignant, Tourette Romandie, Groupe d\u2019\u00e9change pour le Syndr\u00f4me Gilles\u00a0 &hellip; <a href=\"http:\/\/www.spsressources.ch\/wordpress\/?page_id=341\">Continuer la lecture <span class=\"meta-nav\">&rarr;<\/span><\/a><\/p>\n","protected":false},"author":3472,"featured_media":0,"parent":68,"menu_order":8,"comment_status":"open","ping_status":"closed","template":"","meta":{"footnotes":""},"class_list":["post-341","page","type-page","status-publish","hentry"],"_links":{"self":[{"href":"http:\/\/www.spsressources.ch\/wordpress\/index.php?rest_route=\/wp\/v2\/pages\/341","targetHints":{"allow":["GET"]}}],"collection":[{"href":"http:\/\/www.spsressources.ch\/wordpress\/index.php?rest_route=\/wp\/v2\/pages"}],"about":[{"href":"http:\/\/www.spsressources.ch\/wordpress\/index.php?rest_route=\/wp\/v2\/types\/page"}],"author":[{"embeddable":true,"href":"http:\/\/www.spsressources.ch\/wordpress\/index.php?rest_route=\/wp\/v2\/users\/3472"}],"replies":[{"embeddable":true,"href":"http:\/\/www.spsressources.ch\/wordpress\/index.php?rest_route=%2Fwp%2Fv2%2Fcomments&post=341"}],"version-history":[{"count":19,"href":"http:\/\/www.spsressources.ch\/wordpress\/index.php?rest_route=\/wp\/v2\/pages\/341\/revisions"}],"predecessor-version":[{"id":10648,"href":"http:\/\/www.spsressources.ch\/wordpress\/index.php?rest_route=\/wp\/v2\/pages\/341\/revisions\/10648"}],"up":[{"embeddable":true,"href":"http:\/\/www.spsressources.ch\/wordpress\/index.php?rest_route=\/wp\/v2\/pages\/68"}],"wp:attachment":[{"href":"http:\/\/www.spsressources.ch\/wordpress\/index.php?rest_route=%2Fwp%2Fv2%2Fmedia&parent=341"}],"curies":[{"name":"wp","href":"https:\/\/api.w.org\/{rel}","templated":true}]}}