{"id":3252,"date":"2012-01-12T09:22:08","date_gmt":"2012-01-12T09:22:08","guid":{"rendered":"http:\/\/www.vallelian.net\/sps\/wordpress\/?page_id=3252"},"modified":"2015-09-19T14:32:07","modified_gmt":"2015-09-19T14:32:07","slug":"le-carnet-daide-a-la-numeration","status":"publish","type":"page","link":"http:\/\/www.spsressources.ch\/wordpress\/?page_id=3252","title":{"rendered":"le carnet d&rsquo;aide \u00e0 la num\u00e9ration"},"content":{"rendered":"<p style=\"text-align: center;\">Comment transformer un petit carnet \u00a0en support pour la num\u00e9ration ?<br \/>\n<a href=\"http:\/\/www.spsressources.ch\/wordpress\/wp-content\/uploads\/2012\/01\/Image-56.png\"><img loading=\"lazy\" decoding=\"async\" class=\"alignnone size-full wp-image-12938\" title=\"Image 56\" src=\"http:\/\/www.spsressources.ch\/wordpress\/wp-content\/uploads\/2012\/01\/Image-56.png\" alt=\"\" width=\"122\" height=\"109\" \/><\/a><a href=\"http:\/\/www.vallelian.net\/sps\/wordpress\/wp-content\/uploads\/2012\/01\/Image-20.png\"><br \/>\n<\/a>Il suffit de d\u00e9couper les pages en 3 parties \u00e9gales (repr\u00e9sentant les unit\u00e9s-dizaines et<\/p>\n<p style=\"text-align: center;\"><img loading=\"lazy\" decoding=\"async\" class=\"alignnone size-full wp-image-12939\" title=\"Image 57\" src=\"http:\/\/www.spsressources.ch\/wordpress\/wp-content\/uploads\/2012\/01\/Image-57.png\" alt=\"\" width=\"92\" height=\"118\" \/><\/p>\n<p style=\"text-align: center;\">centaines) et d&rsquo;inscrire dans chaque colonne les chiffres de 0 \u00e0 9.<\/p>\n<p style=\"text-align: center;\">Ce carnet constitue un support \u00e0 la compr\u00e9hension du syst\u00e8me num\u00e9rique. En effet, l&rsquo;enfant commence par tourner les pages des unit\u00e9s en comptant \u00a0de 0 \u00e0 9,<\/p>\n<p style=\"text-align: center;\"><img loading=\"lazy\" decoding=\"async\" class=\"alignnone size-full wp-image-12942\" title=\"Image 58\" src=\"http:\/\/www.spsressources.ch\/wordpress\/wp-content\/uploads\/2012\/01\/Image-581.png\" alt=\"\" width=\"120\" height=\"94\" \/><a href=\"http:\/\/www.vallelian.net\/sps\/wordpress\/wp-content\/uploads\/2012\/01\/Image-332.png\"><br \/>\n<\/a>puis \u00a0lorsqu&rsquo;il arrive \u00e0 dix,\u00a0il tourne une page indiquant qu&rsquo;il a maintenant une dizaine, \u00a0 etc&#8230;.<a href=\"http:\/\/www.vallelian.net\/sps\/wordpress\/wp-content\/uploads\/2012\/01\/Image-28.png\"><br \/>\n<\/a><a href=\"http:\/\/www.vallelian.net\/sps\/wordpress\/wp-content\/uploads\/2012\/01\/Image-30.png\"><br \/>\n<\/a>Et ainsi de suite&#8230;&#8230;<a href=\"http:\/\/www.vallelian.net\/sps\/wordpress\/wp-content\/uploads\/2012\/01\/Image-22.png\"><br \/>\n<\/a><\/p>\n","protected":false},"excerpt":{"rendered":"<p>Comment transformer un petit carnet \u00a0en support pour la num\u00e9ration ? Il suffit de d\u00e9couper les pages en 3 parties \u00e9gales (repr\u00e9sentant les unit\u00e9s-dizaines et centaines) et d&rsquo;inscrire dans chaque colonne les chiffres de 0 \u00e0 9. Ce carnet constitue &hellip; <a href=\"http:\/\/www.spsressources.ch\/wordpress\/?page_id=3252\">Continuer la lecture <span class=\"meta-nav\">&rarr;<\/span><\/a><\/p>\n","protected":false},"author":3472,"featured_media":0,"parent":3446,"menu_order":0,"comment_status":"open","ping_status":"closed","template":"","meta":{"footnotes":""},"class_list":["post-3252","page","type-page","status-publish","hentry"],"_links":{"self":[{"href":"http:\/\/www.spsressources.ch\/wordpress\/index.php?rest_route=\/wp\/v2\/pages\/3252","targetHints":{"allow":["GET"]}}],"collection":[{"href":"http:\/\/www.spsressources.ch\/wordpress\/index.php?rest_route=\/wp\/v2\/pages"}],"about":[{"href":"http:\/\/www.spsressources.ch\/wordpress\/index.php?rest_route=\/wp\/v2\/types\/page"}],"author":[{"embeddable":true,"href":"http:\/\/www.spsressources.ch\/wordpress\/index.php?rest_route=\/wp\/v2\/users\/3472"}],"replies":[{"embeddable":true,"href":"http:\/\/www.spsressources.ch\/wordpress\/index.php?rest_route=%2Fwp%2Fv2%2Fcomments&post=3252"}],"version-history":[{"count":19,"href":"http:\/\/www.spsressources.ch\/wordpress\/index.php?rest_route=\/wp\/v2\/pages\/3252\/revisions"}],"predecessor-version":[{"id":3260,"href":"http:\/\/www.spsressources.ch\/wordpress\/index.php?rest_route=\/wp\/v2\/pages\/3252\/revisions\/3260"}],"up":[{"embeddable":true,"href":"http:\/\/www.spsressources.ch\/wordpress\/index.php?rest_route=\/wp\/v2\/pages\/3446"}],"wp:attachment":[{"href":"http:\/\/www.spsressources.ch\/wordpress\/index.php?rest_route=%2Fwp%2Fv2%2Fmedia&parent=3252"}],"curies":[{"name":"wp","href":"https:\/\/api.w.org\/{rel}","templated":true}]}}