{"id":2998,"date":"2011-12-21T05:50:23","date_gmt":"2011-12-21T05:50:23","guid":{"rendered":"http:\/\/www.vallelian.net\/sps\/wordpress\/?page_id=2998"},"modified":"2012-09-06T13:13:30","modified_gmt":"2012-09-06T13:13:30","slug":"references","status":"publish","type":"page","link":"http:\/\/www.spsressources.ch\/wordpress\/?page_id=2998","title":{"rendered":"Documents cat\u00e9gorie de mots"},"content":{"rendered":"<p style=\"text-align: left;\">Voici des documents de r\u00e9f\u00e9rences aidant \u00a0\u00e0 la compr\u00e9hension et \u00e0 la diff\u00e9rentiation des cat\u00e9gories de mots.<\/p>\n<p style=\"text-align: left;\">(Dans le m\u00eame th\u00e8me, voir aussi: <a href=\"http:\/\/www.spsressources.ch\/wordpress\/?page_id=1457\">les cartes de grammaire servant \u00e0 consituer un classeur de r\u00e9f\u00e9rence)<\/a><\/p>\n<p style=\"text-align: left;\">Des couleurs ont \u00e9t\u00e9 attribu\u00e9es de la mani\u00e8re suivante :<\/p>\n<ul>\n<li>le <span style=\"color: #0000ff;\">d\u00e9terminant<\/span><\/li>\n<li>le <span style=\"color: #00ccff;\">nom<\/span><\/li>\n<li>l&rsquo;<span style=\"color: #993366;\">adjectif<\/span><\/li>\n<li>le<span style=\"color: #ff6600;\"> pronom de conjugaison<\/span><\/li>\n<li>le <span style=\"color: #ff0000;\">verbe<\/span><\/li>\n<\/ul>\n<p style=\"text-align: center;\"><span class=\"Apple-style-span\" style=\"font-size: 16px; color: #444444; font-family: Georgia, 'Bitstream Charter', serif; line-height: 24px;\"><img loading=\"lazy\" decoding=\"async\" class=\"aligncenter size-full wp-image-3002\" title=\"Image 69\" src=\"http:\/\/www.vallelian.net\/sps\/wordpress\/wp-content\/uploads\/2011\/12\/Image-69.png\" alt=\"\" width=\"279\" height=\"392\" srcset=\"http:\/\/www.spsressources.ch\/wordpress\/wp-content\/uploads\/2011\/12\/Image-69.png 465w, http:\/\/www.spsressources.ch\/wordpress\/wp-content\/uploads\/2011\/12\/Image-69-213x300.png 213w\" sizes=\"auto, (max-width: 279px) 100vw, 279px\" \/>Cliquez\u00a0<a href=\"http:\/\/www.vallelian.net\/sps\/wordpress\/wp-content\/uploads\/2011\/12\/Le-d\u00e9terminant-noir-et-blanc1.doc\">ici<\/a>\u00a0pour t\u00e9l\u00e9charger la page <strong>\u00ab\u00a0le d\u00e9terminant\u00a0\u00bb<\/strong> version en noir et blanc<\/span><\/p>\n<p style=\"text-align: center;\">Cliquez\u00a0<a href=\"http:\/\/www.vallelian.net\/sps\/wordpress\/wp-content\/uploads\/2011\/12\/Le-d\u00e9terminant2.doc\">ici<\/a>\u00a0pour <a href=\"http:\/\/www.vallelian.net\/sps\/wordpress\/wp-content\/uploads\/2011\/12\/Le-d\u00e9terminant-noir-et-blanc.doc\">\u00a0<\/a>t\u00e9l\u00e9charger la page <strong>\u00ab\u00a0le d\u00e9terminant<\/strong>\u00a0\u00bb en version couleurs<\/p>\n<p style=\"text-align: center;\"><img loading=\"lazy\" decoding=\"async\" class=\"aligncenter size-full wp-image-3011\" title=\"Image 71\" src=\"http:\/\/www.vallelian.net\/sps\/wordpress\/wp-content\/uploads\/2011\/12\/Image-71.png\" alt=\"\" width=\"255\" height=\"356\" srcset=\"http:\/\/www.spsressources.ch\/wordpress\/wp-content\/uploads\/2011\/12\/Image-71.png 365w, http:\/\/www.spsressources.ch\/wordpress\/wp-content\/uploads\/2011\/12\/Image-71-215x300.png 215w\" sizes=\"auto, (max-width: 255px) 100vw, 255px\" \/>Cliquez\u00a0<a href=\"http:\/\/www.vallelian.net\/sps\/wordpress\/wp-content\/uploads\/2011\/12\/Le-verbe2.doc\">ici<\/a>\u00a0pour\u00a0t\u00e9l\u00e9charger la page <strong>\u00ab\u00a0le verbe\u00a0\u00bb <\/strong>version couleurs<\/p>\n<p style=\"text-align: center;\">Cliquez\u00a0<a href=\"http:\/\/www.vallelian.net\/sps\/wordpress\/wp-content\/uploads\/2011\/12\/Le-verbe-noir-et-blanc2.doc\">ici<\/a>\u00a0pour t\u00e9l\u00e9charger la page <strong>\u00ab\u00a0le verbe\u00a0\u00bb<\/strong> version\u00a0en noir et blanc<\/p>\n<p style=\"text-align: center;\"><img loading=\"lazy\" decoding=\"async\" class=\"aligncenter size-full wp-image-2999\" title=\"Image 68\" src=\"http:\/\/www.vallelian.net\/sps\/wordpress\/wp-content\/uploads\/2011\/12\/Image-68.png\" alt=\"\" width=\"275\" height=\"385\" srcset=\"http:\/\/www.spsressources.ch\/wordpress\/wp-content\/uploads\/2011\/12\/Image-68.png 458w, http:\/\/www.spsressources.ch\/wordpress\/wp-content\/uploads\/2011\/12\/Image-68-214x300.png 214w\" sizes=\"auto, (max-width: 275px) 100vw, 275px\" \/>Cliquez\u00a0<a href=\"http:\/\/www.vallelian.net\/sps\/wordpress\/wp-content\/uploads\/2011\/12\/Le-nom.doc\">ici<\/a>\u00a0pour t\u00e9l\u00e9charger la page <span style=\"color: #000000;\"><strong>\u00ab\u00a0<\/strong><\/span><strong>le nom\u00a0\u00bb<\/strong> version couleurs<\/p>\n<p style=\"text-align: center;\">Cliquez\u00a0<a href=\"http:\/\/www.vallelian.net\/sps\/wordpress\/wp-content\/uploads\/2011\/12\/Le-nom-noir-et-blanc.doc\">ici<\/a>\u00a0 pour t\u00e9l\u00e9charger la page <strong>\u00ab\u00a0le nom\u00a0\u00bb <\/strong>version noir et blanc<\/p>\n<p><img loading=\"lazy\" decoding=\"async\" class=\"aligncenter size-full wp-image-3016\" title=\"Image 73\" src=\"http:\/\/www.vallelian.net\/sps\/wordpress\/wp-content\/uploads\/2011\/12\/Image-73.png\" alt=\"\" width=\"245\" height=\"338\" srcset=\"http:\/\/www.spsressources.ch\/wordpress\/wp-content\/uploads\/2011\/12\/Image-73.png 371w, http:\/\/www.spsressources.ch\/wordpress\/wp-content\/uploads\/2011\/12\/Image-73-217x300.png 217w\" sizes=\"auto, (max-width: 245px) 100vw, 245px\" \/><\/p>\n<p style=\"text-align: center;\">Cliquez\u00a0<a href=\"http:\/\/www.vallelian.net\/sps\/wordpress\/wp-content\/uploads\/2011\/12\/Ladjectif.doc\">ici<\/a>\u00a0pour t\u00e9l\u00e9charger la page<strong>\u00ab\u00a0l&rsquo;adjectif\u00a0\u00bb<\/strong>\u00a0version en couleur<\/p>\n<p style=\"text-align: center;\">Cliquez\u00a0<a href=\"http:\/\/www.vallelian.net\/sps\/wordpress\/wp-content\/uploads\/2011\/12\/Ladjectif-noir-et-blanc.doc\">ici<\/a>\u00a0pour t\u00e9l\u00e9charger la page <strong>\u00ab\u00a0l&rsquo;adjectif\u00a0\u00bb<\/strong>\u00a0version en noir et blanc<\/p>\n<div style=\"text-align: center;\"><img loading=\"lazy\" decoding=\"async\" class=\"aligncenter size-full wp-image-3060\" title=\"Image 75\" src=\"http:\/\/www.vallelian.net\/sps\/wordpress\/wp-content\/uploads\/2011\/12\/Image-75.png\" alt=\"\" width=\"275\" height=\"390\" srcset=\"http:\/\/www.spsressources.ch\/wordpress\/wp-content\/uploads\/2011\/12\/Image-75.png 437w, http:\/\/www.spsressources.ch\/wordpress\/wp-content\/uploads\/2011\/12\/Image-75-212x300.png 212w\" sizes=\"auto, (max-width: 275px) 100vw, 275px\" \/><\/div>\n<div style=\"text-align: center;\">Cliquez\u00a0\u00a0<a href=\"http:\/\/www.vallelian.net\/sps\/wordpress\/wp-content\/uploads\/2011\/12\/pronoms-de-conjugaison-au-singulier.doc\">ici<\/a>\u00a0pour t\u00e9l\u00e9charger la page <strong>\u00ab\u00a0Pronoms de conjugaison au singulier\u00a0\u00bb<\/strong><\/div>\n<div style=\"text-align: center;\">Cliquez \u00a0<a href=\"http:\/\/www.vallelian.net\/sps\/wordpress\/wp-content\/uploads\/2011\/12\/pronoms-de-conjugaison-au-pluriel.doc\">ici<\/a>\u00a0pour t\u00e9l\u00e9charger la page <strong>\u00ab\u00a0Pronoms de conjugaison au pluriel\u00a0\u00bb<\/strong><\/div>\n","protected":false},"excerpt":{"rendered":"<p>Voici des documents de r\u00e9f\u00e9rences aidant \u00a0\u00e0 la compr\u00e9hension et \u00e0 la diff\u00e9rentiation des cat\u00e9gories de mots. (Dans le m\u00eame th\u00e8me, voir aussi: les cartes de grammaire servant \u00e0 consituer un classeur de r\u00e9f\u00e9rence) Des couleurs ont \u00e9t\u00e9 attribu\u00e9es de &hellip; <a href=\"http:\/\/www.spsressources.ch\/wordpress\/?page_id=2998\">Continuer la lecture <span class=\"meta-nav\">&rarr;<\/span><\/a><\/p>\n","protected":false},"author":3472,"featured_media":0,"parent":4426,"menu_order":0,"comment_status":"open","ping_status":"closed","template":"","meta":{"footnotes":""},"class_list":["post-2998","page","type-page","status-publish","hentry"],"_links":{"self":[{"href":"http:\/\/www.spsressources.ch\/wordpress\/index.php?rest_route=\/wp\/v2\/pages\/2998","targetHints":{"allow":["GET"]}}],"collection":[{"href":"http:\/\/www.spsressources.ch\/wordpress\/index.php?rest_route=\/wp\/v2\/pages"}],"about":[{"href":"http:\/\/www.spsressources.ch\/wordpress\/index.php?rest_route=\/wp\/v2\/types\/page"}],"author":[{"embeddable":true,"href":"http:\/\/www.spsressources.ch\/wordpress\/index.php?rest_route=\/wp\/v2\/users\/3472"}],"replies":[{"embeddable":true,"href":"http:\/\/www.spsressources.ch\/wordpress\/index.php?rest_route=%2Fwp%2Fv2%2Fcomments&post=2998"}],"version-history":[{"count":47,"href":"http:\/\/www.spsressources.ch\/wordpress\/index.php?rest_route=\/wp\/v2\/pages\/2998\/revisions"}],"predecessor-version":[{"id":3005,"href":"http:\/\/www.spsressources.ch\/wordpress\/index.php?rest_route=\/wp\/v2\/pages\/2998\/revisions\/3005"}],"up":[{"embeddable":true,"href":"http:\/\/www.spsressources.ch\/wordpress\/index.php?rest_route=\/wp\/v2\/pages\/4426"}],"wp:attachment":[{"href":"http:\/\/www.spsressources.ch\/wordpress\/index.php?rest_route=%2Fwp%2Fv2%2Fmedia&parent=2998"}],"curies":[{"name":"wp","href":"https:\/\/api.w.org\/{rel}","templated":true}]}}