{"id":2568,"date":"2011-12-10T20:37:52","date_gmt":"2011-12-10T20:37:52","guid":{"rendered":"http:\/\/www.vallelian.net\/sps\/wordpress\/?page_id=2568"},"modified":"2015-10-07T03:56:55","modified_gmt":"2015-10-07T03:56:55","slug":"support-pour-aider-a-multiplier-et-diviser-par-10-100-1000","status":"publish","type":"page","link":"http:\/\/www.spsressources.ch\/wordpress\/?page_id=2568","title":{"rendered":"Syst\u00e8me d\u00e9cimal"},"content":{"rendered":"<p style=\"text-align: left;\">Support pour se rep\u00e9rer dans le syst\u00e8me d\u00e9cimal<\/p>\n<p>Cette carte-support (qui doit \u00eatre plastifi\u00e9e) permet \u00e0 l&rsquo;enfant de multiplier ou diviser par dix en utilisant un stylo effa\u00e7able.<\/p>\n<p>Les couleurs servent de rep\u00e8re \u00e0 l&rsquo;enfant pour \u00a0passer des unit\u00e9s aux dizaines et des dizaines au centaines, etc&#8230; lorsqu&rsquo;il multiplie par 10 par ex..<\/p>\n<p style=\"text-align: center;\"><span style=\"text-decoration: underline;\"><span style=\"color: #800080;\"><a href=\"http:\/\/www.spsressources.ch\/wordpress\/wp-content\/uploads\/2011\/12\/x-1010001000.pdf\"><span style=\"color: #800080; text-decoration: underline;\">Cliquez ici pour ouvrir le support ci-dessous<\/span><\/a><\/span><\/span><a href=\"http:\/\/www.spsressources.ch\/wordpress\/wp-content\/uploads\/2011\/12\/Image-77.png\"><img loading=\"lazy\" decoding=\"async\" title=\"Image 7\" src=\"http:\/\/www.spsressources.ch\/wordpress\/wp-content\/uploads\/2011\/12\/Image-77.png\" alt=\"\" width=\"509\" height=\"394\" \/><\/a><\/p>\n<p style=\"text-align: left;\">De m\u00eame, les deux cartes ci dessous de format A5 \u00a0plastifi\u00e9es (ou ins\u00e9r\u00e9e dans une fourre plastifi\u00e9e) servent de support \u00e0 l&rsquo;enfant pour se rep\u00e9rer dans le syst\u00e8me d\u00e9cimal. <span style=\"text-decoration: underline;\"><span style=\"color: #800080; text-decoration: underline;\"><span style=\"color: #000000; text-decoration: underline;\">(<\/span><a href=\"http:\/\/www.vallelian.net\/sps\/wordpress\/wp-content\/uploads\/2011\/10\/AMG_codes_couleurs_juin_2010.pdf\"><span style=\"color: #800080; text-decoration: underline;\">les codes couleurs <\/span><\/a><\/span><\/span>des ergoth\u00e9rapeutes ont \u00e9t\u00e9 respect\u00e9s)<\/p>\n<ul>\n<li><strong>la carte mod\u00e8le<\/strong><\/li>\n<li><strong>la carte \u00e0 plastifier pour servir de support<\/strong><\/li>\n<\/ul>\n<p style=\"text-align: left;\">L&rsquo;enfant peut s&rsquo;exercer sur la carte plastif\u00e9e. Il peut y \u00a0inscrire des nombres afin d&rsquo;acqu\u00e9rir une meilleure repr\u00e9sentation des nombres d\u00e9cimaux et exercer son habilet\u00e9 \u00e0 multiplier ou diviser par un multiple de dix.<img loading=\"lazy\" decoding=\"async\" class=\"aligncenter size-full wp-image-2596\" title=\"Capture d\u2019\u00e9cran 2011-12-10 \u00e0 22.01.04\" src=\"http:\/\/www.vallelian.net\/sps\/wordpress\/wp-content\/uploads\/2011\/12\/Capture-d\u2019\u00e9cran-2011-12-10-\u00e0-22.01.04.png\" alt=\"\" width=\"319\" height=\"208\" \/>L&rsquo;utilisation d&rsquo;un stylo effa\u00e7able permet de recommencer avec d&rsquo;autres nombres !<a href=\"http:\/\/www.vallelian.net\/sps\/wordpress\/wp-content\/uploads\/2011\/12\/Capture-d\u2019\u00e9cran-2011-12-10-\u00e0-22.01.10.png\"><img loading=\"lazy\" decoding=\"async\" class=\"aligncenter size-full wp-image-2600\" title=\"Capture d\u2019\u00e9cran 2011-12-10 \u00e0 22.01.10\" src=\"http:\/\/www.vallelian.net\/sps\/wordpress\/wp-content\/uploads\/2011\/12\/Capture-d\u2019\u00e9cran-2011-12-10-\u00e0-22.01.10.png\" alt=\"\" width=\"276\" height=\"200\" srcset=\"http:\/\/www.spsressources.ch\/wordpress\/wp-content\/uploads\/2011\/12\/Capture-d\u2019\u00e9cran-2011-12-10-\u00e0-22.01.10.png 657w, http:\/\/www.spsressources.ch\/wordpress\/wp-content\/uploads\/2011\/12\/Capture-d\u2019\u00e9cran-2011-12-10-\u00e0-22.01.10-300x217.png 300w\" sizes=\"auto, (max-width: 276px) 100vw, 276px\" \/><\/a><span style=\"color: #800080;\"><span style=\"text-decoration: underline;\"><a href=\"http:\/\/www.vallelian.net\/sps\/wordpress\/wp-content\/uploads\/2011\/12\/mesures1.pdf\"><span style=\"color: #800080; text-decoration: underline;\">cliquez<\/span><\/a>\u00a0<a href=\"http:\/\/www.vallelian.net\/sps\/wordpress\/wp-content\/uploads\/2011\/12\/mesures1.pdf\"><span style=\"color: #800080; text-decoration: underline;\">ici<\/span><\/a>\u00a0<a href=\"http:\/\/www.vallelian.net\/sps\/wordpress\/wp-content\/uploads\/2011\/12\/mesures1.pdf\"><span style=\"color: #800080; text-decoration: underline;\">pour t\u00e9l\u00e9charger <\/span><\/a><a href=\"http:\/\/www.vallelian.net\/sps\/wordpress\/wp-content\/uploads\/2011\/12\/mesures1.pdf\"><span style=\"color: #800080; text-decoration: underline;\">la carte mod\u00e8le<\/span><\/a><\/span><\/span><a href=\"http:\/\/www.vallelian.net\/sps\/wordpress\/wp-content\/uploads\/2011\/12\/Capture-d\u2019\u00e9cran-2011-12-10-\u00e0-21.48.43.png\"><br \/>\n<\/a><a href=\"http:\/\/www.vallelian.net\/sps\/wordpress\/wp-content\/uploads\/2011\/12\/Capture-d\u2019\u00e9cran-2011-12-10-\u00e0-21.58.39.png\"><img loading=\"lazy\" decoding=\"async\" class=\"aligncenter size-full wp-image-2592\" title=\"Capture d\u2019\u00e9cran 2011-12-10 \u00e0 21.58.39\" src=\"http:\/\/www.vallelian.net\/sps\/wordpress\/wp-content\/uploads\/2011\/12\/Capture-d\u2019\u00e9cran-2011-12-10-\u00e0-21.58.39.png\" alt=\"\" width=\"840\" height=\"512\" srcset=\"http:\/\/www.spsressources.ch\/wordpress\/wp-content\/uploads\/2011\/12\/Capture-d\u2019\u00e9cran-2011-12-10-\u00e0-21.58.39.png 840w, http:\/\/www.spsressources.ch\/wordpress\/wp-content\/uploads\/2011\/12\/Capture-d\u2019\u00e9cran-2011-12-10-\u00e0-21.58.39-300x182.png 300w\" sizes=\"auto, (max-width: 840px) 100vw, 840px\" \/><\/a><a href=\"http:\/\/www.vallelian.net\/sps\/wordpress\/wp-content\/uploads\/2011\/12\/Capture-d\u2019\u00e9cran-2011-12-10-\u00e0-21.49.53.png\"><br \/>\n<\/a><span style=\"text-decoration: underline;\"><span style=\"color: #800080;\"><a href=\"http:\/\/www.vallelian.net\/sps\/wordpress\/wp-content\/uploads\/2011\/12\/LEs-bonnes-mesures.pdf\"><span style=\"color: #800080; text-decoration: underline;\">cliquez\u00a0ici\u00a0\u00a0pour t\u00e9l\u00e9charger la carte \u00e0 plastifier pour servir de support<\/span><\/a><\/span><\/span><\/p>\n","protected":false},"excerpt":{"rendered":"<p>Support pour se rep\u00e9rer dans le syst\u00e8me d\u00e9cimal Cette carte-support (qui doit \u00eatre plastifi\u00e9e) permet \u00e0 l&rsquo;enfant de multiplier ou diviser par dix en utilisant un stylo effa\u00e7able. Les couleurs servent de rep\u00e8re \u00e0 l&rsquo;enfant pour \u00a0passer des unit\u00e9s aux &hellip; <a href=\"http:\/\/www.spsressources.ch\/wordpress\/?page_id=2568\">Continuer la lecture <span class=\"meta-nav\">&rarr;<\/span><\/a><\/p>\n","protected":false},"author":3472,"featured_media":0,"parent":12844,"menu_order":0,"comment_status":"open","ping_status":"closed","template":"","meta":{"footnotes":""},"class_list":["post-2568","page","type-page","status-publish","hentry"],"_links":{"self":[{"href":"http:\/\/www.spsressources.ch\/wordpress\/index.php?rest_route=\/wp\/v2\/pages\/2568","targetHints":{"allow":["GET"]}}],"collection":[{"href":"http:\/\/www.spsressources.ch\/wordpress\/index.php?rest_route=\/wp\/v2\/pages"}],"about":[{"href":"http:\/\/www.spsressources.ch\/wordpress\/index.php?rest_route=\/wp\/v2\/types\/page"}],"author":[{"embeddable":true,"href":"http:\/\/www.spsressources.ch\/wordpress\/index.php?rest_route=\/wp\/v2\/users\/3472"}],"replies":[{"embeddable":true,"href":"http:\/\/www.spsressources.ch\/wordpress\/index.php?rest_route=%2Fwp%2Fv2%2Fcomments&post=2568"}],"version-history":[{"count":46,"href":"http:\/\/www.spsressources.ch\/wordpress\/index.php?rest_route=\/wp\/v2\/pages\/2568\/revisions"}],"predecessor-version":[{"id":2572,"href":"http:\/\/www.spsressources.ch\/wordpress\/index.php?rest_route=\/wp\/v2\/pages\/2568\/revisions\/2572"}],"up":[{"embeddable":true,"href":"http:\/\/www.spsressources.ch\/wordpress\/index.php?rest_route=\/wp\/v2\/pages\/12844"}],"wp:attachment":[{"href":"http:\/\/www.spsressources.ch\/wordpress\/index.php?rest_route=%2Fwp%2Fv2%2Fmedia&parent=2568"}],"curies":[{"name":"wp","href":"https:\/\/api.w.org\/{rel}","templated":true}]}}