{"id":2514,"date":"2011-12-10T19:37:25","date_gmt":"2011-12-10T19:37:25","guid":{"rendered":"http:\/\/www.vallelian.net\/sps\/wordpress\/?page_id=2514"},"modified":"2015-10-08T12:26:36","modified_gmt":"2015-10-08T12:26:36","slug":"addition-de-fractions-dont-les-denominateurs-sont-les-memes","status":"publish","type":"page","link":"http:\/\/www.spsressources.ch\/wordpress\/?page_id=2514","title":{"rendered":"Addition de fractions dont les d\u00e9nominateurs sont les m\u00eames"},"content":{"rendered":"<p style=\"text-align: left;\"><a href=\"http:\/\/www.vallelian.net\/sps\/wordpress\/wp-content\/uploads\/2011\/12\/Capture-d\u2019\u00e9cran-2011-12-10-\u00e0-21.31.35.png\"><br \/>\n<\/a>\u00a0Cette carte format A5 a \u00e9t\u00e9 plastifi\u00e9e fait partie de la s\u00e9rie\u00a0<a href=\"http:\/\/www.spsressources.ch\/wordpress\/?page_id=2461\">de cartes-support \u00e0 la r\u00e9alisation de fractions<\/a>\u00a0\u00a0pour aider \u00e0 r\u00e9aliser des fractions dont les d\u00e9nominateurs sont les m\u00eames :<\/p>\n<p style=\"text-align: left;\"><a href=\"http:\/\/www.vallelian.net\/sps\/wordpress\/wp-content\/uploads\/2011\/12\/Capture-d\u2019\u00e9cran-2011-12-10-\u00e0-20.46.26.png\"><br \/>\n<\/a>et la carte plasitifi\u00e9e qui sert \u00e0 r\u00e9aliser l&rsquo;addition \u00e0 l&rsquo;aide d&rsquo;un stylo effa\u00e7able.\u00a0L&rsquo;enfant peut ainsi r\u00e9aliser l&rsquo;addition sur ce support.<a href=\"http:\/\/www.vallelian.net\/sps\/wordpress\/wp-content\/uploads\/2011\/12\/Capture-d\u2019\u00e9cran-2011-12-10-\u00e0-20.47.36.png\"><br \/>\n<\/a><\/p>\n<p style=\"text-align: center;\">\u00a0<a href=\"http:\/\/www.spsressources.ch\/wordpress\/wp-content\/uploads\/2011\/12\/Capture-d\u2019e\u0301cran-2015-10-08-a\u0300-14.25.26.png\"><img loading=\"lazy\" decoding=\"async\" class=\"alignnone size-full wp-image-13290\" title=\"Capture d\u2019e\u0301cran 2015-10-08 a\u0300 14.25.26\" src=\"http:\/\/www.spsressources.ch\/wordpress\/wp-content\/uploads\/2011\/12\/Capture-d\u2019e\u0301cran-2015-10-08-a\u0300-14.25.26.png\" alt=\"\" width=\"380\" height=\"212\" srcset=\"http:\/\/www.spsressources.ch\/wordpress\/wp-content\/uploads\/2011\/12\/Capture-d\u2019e\u0301cran-2015-10-08-a\u0300-14.25.26.png 634w, http:\/\/www.spsressources.ch\/wordpress\/wp-content\/uploads\/2011\/12\/Capture-d\u2019e\u0301cran-2015-10-08-a\u0300-14.25.26-300x167.png 300w\" sizes=\"auto, (max-width: 380px) 100vw, 380px\" \/><\/a><\/p>\n<p style=\"text-align: center;\">Puis effacer afin de r\u00e9aliser une autre addition !<a href=\"http:\/\/www.vallelian.net\/sps\/wordpress\/wp-content\/uploads\/2011\/12\/Capture-d\u2019\u00e9cran-2011-12-10-\u00e0-21.31.351.png\"><br \/>\n<\/a><a href=\"http:\/\/www.spsressources.ch\/wordpress\/wp-content\/uploads\/2011\/12\/exemple-addi.m^me-d\u00e9no.pdf\">Cliquez ici pour t\u00e9l\u00e9charger la carte exemple \u00e0 l&rsquo;addition de fraction<\/a><\/p>\n<p><a href=\"http:\/\/www.spsressources.ch\/wordpress\/wp-content\/uploads\/2011\/12\/exemple-addi.m^me-d\u00e9no.pdf\"> (avec d\u00e9nominateur commun)<\/a><br \/>\n<a href=\"http:\/\/www.spsressources.ch\/wordpress\/wp-content\/uploads\/2011\/12\/exemple-addi.m%5Eme-d%C3%A9no.pdf\"><img loading=\"lazy\" decoding=\"async\" class=\"size-full wp-image-13251 aligncenter\" title=\"Capture d\u2019e\u0301cran 2015-10-08 a\u0300 13.23.00\" src=\"http:\/\/www.spsressources.ch\/wordpress\/wp-content\/uploads\/2011\/12\/Capture-d\u2019e\u0301cran-2015-10-08-a\u0300-13.23.00.png\" alt=\"\" width=\"460\" height=\"301\" srcset=\"http:\/\/www.spsressources.ch\/wordpress\/wp-content\/uploads\/2011\/12\/Capture-d\u2019e\u0301cran-2015-10-08-a\u0300-13.23.00.png 766w, http:\/\/www.spsressources.ch\/wordpress\/wp-content\/uploads\/2011\/12\/Capture-d\u2019e\u0301cran-2015-10-08-a\u0300-13.23.00-300x196.png 300w\" sizes=\"auto, (max-width: 460px) 100vw, 460px\" \/><\/a><\/p>\n<p style=\"text-align: center;\"><a href=\"http:\/\/www.spsressources.ch\/wordpress\/wp-content\/uploads\/2011\/12\/Addition-de-fraction-m\u00eame-ddd\u00e9nominateur.pdf\">Cliquez ici pour t\u00e9l\u00e9charger la carte soutien \u00e0 la r\u00e9alisation d&rsquo;additions de fractions de m\u00eame d\u00e9nominateur<\/a><\/p>\n<p><a href=\"http:\/\/www.spsressources.ch\/wordpress\/wp-content\/uploads\/2011\/12\/Addition-de-fraction-m%C3%AAme-ddd%C3%A9nominateur.pdf\"><img loading=\"lazy\" decoding=\"async\" class=\"size-full wp-image-13254 aligncenter\" title=\"Capture d\u2019e\u0301cran 2015-10-08 a\u0300 13.25.23\" src=\"http:\/\/www.spsressources.ch\/wordpress\/wp-content\/uploads\/2011\/12\/Capture-d\u2019e\u0301cran-2015-10-08-a\u0300-13.25.23.png\" alt=\"\" width=\"435\" height=\"308\" srcset=\"http:\/\/www.spsressources.ch\/wordpress\/wp-content\/uploads\/2011\/12\/Capture-d\u2019e\u0301cran-2015-10-08-a\u0300-13.25.23.png 725w, http:\/\/www.spsressources.ch\/wordpress\/wp-content\/uploads\/2011\/12\/Capture-d\u2019e\u0301cran-2015-10-08-a\u0300-13.25.23-300x212.png 300w\" sizes=\"auto, (max-width: 435px) 100vw, 435px\" \/><\/a><\/p>\n","protected":false},"excerpt":{"rendered":"<p>\u00a0Cette carte format A5 a \u00e9t\u00e9 plastifi\u00e9e fait partie de la s\u00e9rie\u00a0de cartes-support \u00e0 la r\u00e9alisation de fractions\u00a0\u00a0pour aider \u00e0 r\u00e9aliser des fractions dont les d\u00e9nominateurs sont les m\u00eames : et la carte plasitifi\u00e9e qui sert \u00e0 r\u00e9aliser l&rsquo;addition \u00e0 &hellip; <a href=\"http:\/\/www.spsressources.ch\/wordpress\/?page_id=2514\">Continuer la lecture <span class=\"meta-nav\">&rarr;<\/span><\/a><\/p>\n","protected":false},"author":3472,"featured_media":0,"parent":2907,"menu_order":0,"comment_status":"open","ping_status":"closed","template":"","meta":{"footnotes":""},"class_list":["post-2514","page","type-page","status-publish","hentry"],"_links":{"self":[{"href":"http:\/\/www.spsressources.ch\/wordpress\/index.php?rest_route=\/wp\/v2\/pages\/2514","targetHints":{"allow":["GET"]}}],"collection":[{"href":"http:\/\/www.spsressources.ch\/wordpress\/index.php?rest_route=\/wp\/v2\/pages"}],"about":[{"href":"http:\/\/www.spsressources.ch\/wordpress\/index.php?rest_route=\/wp\/v2\/types\/page"}],"author":[{"embeddable":true,"href":"http:\/\/www.spsressources.ch\/wordpress\/index.php?rest_route=\/wp\/v2\/users\/3472"}],"replies":[{"embeddable":true,"href":"http:\/\/www.spsressources.ch\/wordpress\/index.php?rest_route=%2Fwp%2Fv2%2Fcomments&post=2514"}],"version-history":[{"count":41,"href":"http:\/\/www.spsressources.ch\/wordpress\/index.php?rest_route=\/wp\/v2\/pages\/2514\/revisions"}],"predecessor-version":[{"id":2517,"href":"http:\/\/www.spsressources.ch\/wordpress\/index.php?rest_route=\/wp\/v2\/pages\/2514\/revisions\/2517"}],"up":[{"embeddable":true,"href":"http:\/\/www.spsressources.ch\/wordpress\/index.php?rest_route=\/wp\/v2\/pages\/2907"}],"wp:attachment":[{"href":"http:\/\/www.spsressources.ch\/wordpress\/index.php?rest_route=%2Fwp%2Fv2%2Fmedia&parent=2514"}],"curies":[{"name":"wp","href":"https:\/\/api.w.org\/{rel}","templated":true}]}}