{"id":1948,"date":"2011-12-02T15:23:48","date_gmt":"2011-12-02T15:23:48","guid":{"rendered":"http:\/\/www.vallelian.net\/sps\/wordpress\/?page_id=1948"},"modified":"2015-09-19T15:52:13","modified_gmt":"2015-09-19T15:52:13","slug":"le-post-it-pour-se-reperer-sur-une-fiche","status":"publish","type":"page","link":"http:\/\/www.spsressources.ch\/wordpress\/?page_id=1948","title":{"rendered":"Rep\u00e9rage dans un support \u00e9crit !"},"content":{"rendered":"<p style=\"text-align: left;\">\u00a0Afin d&rsquo;aider l&rsquo;enfant \u00e0 se rep\u00e9rer dans l&rsquo;espace de la fiche, \u00a0on peut cr\u00e9er facilement un rep\u00e8re \u00a0\u00e0 l&rsquo;aide d&rsquo;un \u00a0post-it apr\u00e8s y avoir d\u00e9coup\u00e9 une fen\u00eatre ! Le post-it est d\u00e9pos\u00e9 sur l&rsquo;activit\u00e9 \u00a0\u00e0 faire (un calcul, un mot \u00e0 lire, &#8230;.)<\/p>\n<p><a href=\"http:\/\/www.spsressources.ch\/wordpress\/wp-content\/uploads\/2011\/12\/Image-86.png\"><img loading=\"lazy\" decoding=\"async\" class=\"alignnone size-full wp-image-13034\" title=\"Image 86\" src=\"http:\/\/www.spsressources.ch\/wordpress\/wp-content\/uploads\/2011\/12\/Image-86.png\" alt=\"\" width=\"214\" height=\"227\" srcset=\"http:\/\/www.spsressources.ch\/wordpress\/wp-content\/uploads\/2011\/12\/Image-86.png 356w, http:\/\/www.spsressources.ch\/wordpress\/wp-content\/uploads\/2011\/12\/Image-86-282x300.png 282w\" sizes=\"auto, (max-width: 214px) 100vw, 214px\" \/><\/a><\/p>\n<p style=\"text-align: left;\">Le post-it constitue un excellent guide pour se rep\u00e9rer sur une fiche et peut \u00eatre facilement d\u00e9plac\u00e9 !<\/p>\n<p style=\"text-align: left;\"><a href=\"http:\/\/www.spsressources.ch\/wordpress\/wp-content\/uploads\/2011\/12\/Image-871.png\"><img loading=\"lazy\" decoding=\"async\" class=\"alignnone size-full wp-image-13035\" title=\"Image 87\" src=\"http:\/\/www.spsressources.ch\/wordpress\/wp-content\/uploads\/2011\/12\/Image-871.png\" alt=\"\" width=\"482\" height=\"406\" srcset=\"http:\/\/www.spsressources.ch\/wordpress\/wp-content\/uploads\/2011\/12\/Image-871.png 803w, http:\/\/www.spsressources.ch\/wordpress\/wp-content\/uploads\/2011\/12\/Image-871-300x252.png 300w\" sizes=\"auto, (max-width: 482px) 100vw, 482px\" \/><\/a><\/p>\n<p style=\"text-align: left;\">et ainsi \u00e9viter \u00e0 l&rsquo;enfant \u00a0\u00ab\u00a0se tromper\u00a0\u00bb de ligne !<\/p>\n<p style=\"text-align: left;\">De m\u00eame, certains enfants sont g\u00ean\u00e9s lorsqu&rsquo; un cahier de r\u00e9f\u00e9rences contient trop d&rsquo;informations.\u00a0<a href=\"http:\/\/www.vallelian.net\/sps\/wordpress\/wp-content\/uploads\/2011\/12\/Image-7.png\"><br \/>\n<\/a>Le post-it \u00a0peut s&rsquo;adapter \u00e9galement au support de r\u00e9f\u00e9rences et donc est un outil tr\u00e8s pratique !<a href=\"http:\/\/www.vallelian.net\/sps\/wordpress\/wp-content\/uploads\/2011\/12\/Image-4.png\"><br \/>\n<\/a><a href=\"http:\/\/www.spsressources.ch\/wordpress\/wp-content\/uploads\/2011\/12\/Image-881.png\"><img loading=\"lazy\" decoding=\"async\" class=\"alignnone size-full wp-image-13036\" title=\"Image 88\" src=\"http:\/\/www.spsressources.ch\/wordpress\/wp-content\/uploads\/2011\/12\/Image-881.png\" alt=\"\" width=\"427\" height=\"281\" srcset=\"http:\/\/www.spsressources.ch\/wordpress\/wp-content\/uploads\/2011\/12\/Image-881.png 1186w, http:\/\/www.spsressources.ch\/wordpress\/wp-content\/uploads\/2011\/12\/Image-881-300x197.png 300w, http:\/\/www.spsressources.ch\/wordpress\/wp-content\/uploads\/2011\/12\/Image-881-1024x674.png 1024w\" sizes=\"auto, (max-width: 427px) 100vw, 427px\" \/><\/a><a href=\"http:\/\/www.vallelian.net\/sps\/wordpress\/wp-content\/uploads\/2011\/12\/Image-2.png\"><br \/>\n<\/a><\/p>\n","protected":false},"excerpt":{"rendered":"<p>\u00a0Afin d&rsquo;aider l&rsquo;enfant \u00e0 se rep\u00e9rer dans l&rsquo;espace de la fiche, \u00a0on peut cr\u00e9er facilement un rep\u00e8re \u00a0\u00e0 l&rsquo;aide d&rsquo;un \u00a0post-it apr\u00e8s y avoir d\u00e9coup\u00e9 une fen\u00eatre ! Le post-it est d\u00e9pos\u00e9 sur l&rsquo;activit\u00e9 \u00a0\u00e0 faire (un calcul, un mot &hellip; <a href=\"http:\/\/www.spsressources.ch\/wordpress\/?page_id=1948\">Continuer la lecture <span class=\"meta-nav\">&rarr;<\/span><\/a><\/p>\n","protected":false},"author":3472,"featured_media":0,"parent":630,"menu_order":0,"comment_status":"open","ping_status":"closed","template":"","meta":{"footnotes":""},"class_list":["post-1948","page","type-page","status-publish","hentry"],"_links":{"self":[{"href":"http:\/\/www.spsressources.ch\/wordpress\/index.php?rest_route=\/wp\/v2\/pages\/1948","targetHints":{"allow":["GET"]}}],"collection":[{"href":"http:\/\/www.spsressources.ch\/wordpress\/index.php?rest_route=\/wp\/v2\/pages"}],"about":[{"href":"http:\/\/www.spsressources.ch\/wordpress\/index.php?rest_route=\/wp\/v2\/types\/page"}],"author":[{"embeddable":true,"href":"http:\/\/www.spsressources.ch\/wordpress\/index.php?rest_route=\/wp\/v2\/users\/3472"}],"replies":[{"embeddable":true,"href":"http:\/\/www.spsressources.ch\/wordpress\/index.php?rest_route=%2Fwp%2Fv2%2Fcomments&post=1948"}],"version-history":[{"count":26,"href":"http:\/\/www.spsressources.ch\/wordpress\/index.php?rest_route=\/wp\/v2\/pages\/1948\/revisions"}],"predecessor-version":[{"id":1954,"href":"http:\/\/www.spsressources.ch\/wordpress\/index.php?rest_route=\/wp\/v2\/pages\/1948\/revisions\/1954"}],"up":[{"embeddable":true,"href":"http:\/\/www.spsressources.ch\/wordpress\/index.php?rest_route=\/wp\/v2\/pages\/630"}],"wp:attachment":[{"href":"http:\/\/www.spsressources.ch\/wordpress\/index.php?rest_route=%2Fwp%2Fv2%2Fmedia&parent=1948"}],"curies":[{"name":"wp","href":"https:\/\/api.w.org\/{rel}","templated":true}]}}