{"id":15376,"date":"2019-03-21T06:00:12","date_gmt":"2019-03-21T06:00:12","guid":{"rendered":"http:\/\/www.spsressources.ch\/wordpress\/?page_id=15376"},"modified":"2019-04-06T05:13:58","modified_gmt":"2019-04-06T05:13:58","slug":"les-fonctions-dans-la-phrases","status":"publish","type":"page","link":"http:\/\/www.spsressources.ch\/wordpress\/?page_id=15376","title":{"rendered":"Les fonctions dans la phrases avec des bo\u00eetes d&rsquo;allumettes"},"content":{"rendered":"<p><strong>Petite machines pour analyser les phrases\u00a0<\/strong>(Voir aussi la<strong> <a href=\"http:\/\/www.spsressources.ch\/wordpress\/?page_id=492\">phrase chenille<\/a>\u00a0 <\/strong>et \u00a0<a href=\"http:\/\/www.spsressources.ch\/wordpress\/?page_id=13476\">les crayons pour analyser les phrases <\/a>et<a href=\"http:\/\/www.spsressources.ch\/wordpress\/?page_id=13476\"> \u00a0<\/a><a href=\"http:\/\/www.spsressources.ch\/wordpress\/?page_id=16178\">l&rsquo;analyse de la phrase avec une bo\u00eete \u00e0 tiroirs)<\/a><\/p>\n<p style=\"text-align: center;\"><a href=\"http:\/\/www.spsressources.ch\/wordpress\/wp-content\/uploads\/2019\/03\/IMG_2257.jpg\"><img loading=\"lazy\" decoding=\"async\" class=\"alignnone wp-image-15431 size-medium\" src=\"http:\/\/www.spsressources.ch\/wordpress\/wp-content\/uploads\/2019\/03\/IMG_2257-300x225.jpg\" alt=\"\" width=\"300\" height=\"225\" srcset=\"http:\/\/www.spsressources.ch\/wordpress\/wp-content\/uploads\/2019\/03\/IMG_2257-300x225.jpg 300w, http:\/\/www.spsressources.ch\/wordpress\/wp-content\/uploads\/2019\/03\/IMG_2257-768x576.jpg 768w, http:\/\/www.spsressources.ch\/wordpress\/wp-content\/uploads\/2019\/03\/IMG_2257.jpg 960w\" sizes=\"auto, (max-width: 300px) 100vw, 300px\" \/><\/a><\/p>\n<p>Voici 4 petites \u00ab\u00a0machines\u00a0\u00bb servant \u00e0 analyser une phrase fabriqu\u00e9es avec des bo\u00eetes \u00a0d&rsquo;allumettes<\/p>\n<ul>\n<li><strong>La bo\u00eete rouge<\/strong> \u00a0permet de rep\u00e9rer <strong>le verbe<\/strong>. (il y a la bo\u00eete pour les verbes qui ont un compl\u00e9ment de verbe et une autre pour le verbe \u00eatre et ceux qui sont comme le verbe \u00eatre (sembler, para\u00eetre,..) et qui sont suivi d&rsquo;un <em>attribut du sujet<\/em> ou <em>suite d&rsquo;\u00eatre<\/em>\u00ab\u00a0)<\/li>\n<li>\u00a0<strong>La bo\u00eete jaune<\/strong> permet de rep\u00e9rer <strong>le sujet<\/strong><\/li>\n<li><strong>4 petits tiroirs de la boite du verbe<\/strong> permettent de poser 4 questions (quoi\/qui\/\u00e0 qui\/\u00e0 quoi)afin de trouver <strong>les compl\u00e9ments (CVD et CVI)<\/strong><\/li>\n<li><strong>Les 3 bo\u00eetes vertes<\/strong> permettent de trouver <strong>les compl\u00e9ments de phrases<\/strong>. Elles sont d\u00e9pla\u00e7ables et peuvent \u00eatre m\u00eame supprim\u00e9es (rang\u00e9es dans le petit garage \u00e0 compl\u00e9ment de phrases)<\/li>\n<\/ul>\n<p><strong>La bo\u00eete du verbe et ses compl\u00e9ments<\/strong><\/p>\n<p><a href=\"http:\/\/www.spsressources.ch\/wordpress\/wp-content\/uploads\/2019\/03\/IMG_2185.jpg\"><img loading=\"lazy\" decoding=\"async\" class=\"alignnone wp-image-15378 size-medium\" src=\"http:\/\/www.spsressources.ch\/wordpress\/wp-content\/uploads\/2019\/03\/IMG_2185-300x225.jpg\" alt=\"\" width=\"300\" height=\"225\" srcset=\"http:\/\/www.spsressources.ch\/wordpress\/wp-content\/uploads\/2019\/03\/IMG_2185-300x225.jpg 300w, http:\/\/www.spsressources.ch\/wordpress\/wp-content\/uploads\/2019\/03\/IMG_2185-768x576.jpg 768w, http:\/\/www.spsressources.ch\/wordpress\/wp-content\/uploads\/2019\/03\/IMG_2185.jpg 960w\" sizes=\"auto, (max-width: 300px) 100vw, 300px\" \/><\/a><a href=\"http:\/\/www.spsressources.ch\/wordpress\/wp-content\/uploads\/2019\/03\/IMG_2184.jpg\"><img loading=\"lazy\" decoding=\"async\" class=\"alignnone wp-image-15377 size-medium\" src=\"http:\/\/www.spsressources.ch\/wordpress\/wp-content\/uploads\/2019\/03\/IMG_2184-300x225.jpg\" alt=\"\" width=\"300\" height=\"225\" srcset=\"http:\/\/www.spsressources.ch\/wordpress\/wp-content\/uploads\/2019\/03\/IMG_2184-300x225.jpg 300w, http:\/\/www.spsressources.ch\/wordpress\/wp-content\/uploads\/2019\/03\/IMG_2184-768x576.jpg 768w, http:\/\/www.spsressources.ch\/wordpress\/wp-content\/uploads\/2019\/03\/IMG_2184.jpg 960w\" sizes=\"auto, (max-width: 300px) 100vw, 300px\" \/><\/a><\/p>\n<p>Lorsque l&rsquo;on tire le tiroir, on d\u00e9couvre si on a affaire \u00e0 un CVD ou un CVI<\/p>\n<p><strong>Bo\u00eete des compl\u00e9ments de phrases<\/strong><\/p>\n<p><a href=\"http:\/\/www.spsressources.ch\/wordpress\/wp-content\/uploads\/2019\/03\/IMG_2235.jpg\"><img loading=\"lazy\" decoding=\"async\" class=\"alignnone wp-image-15409 size-medium\" src=\"http:\/\/www.spsressources.ch\/wordpress\/wp-content\/uploads\/2019\/03\/IMG_2235-300x300.jpg\" alt=\"\" width=\"300\" height=\"300\" srcset=\"http:\/\/www.spsressources.ch\/wordpress\/wp-content\/uploads\/2019\/03\/IMG_2235-300x300.jpg 300w, http:\/\/www.spsressources.ch\/wordpress\/wp-content\/uploads\/2019\/03\/IMG_2235-150x150.jpg 150w, http:\/\/www.spsressources.ch\/wordpress\/wp-content\/uploads\/2019\/03\/IMG_2235.jpg 720w\" sizes=\"auto, (max-width: 300px) 100vw, 300px\" \/><\/a><img loading=\"lazy\" decoding=\"async\" class=\"alignnone wp-image-15408 size-medium\" src=\"http:\/\/www.spsressources.ch\/wordpress\/wp-content\/uploads\/2019\/03\/IMG_2234-300x300.jpg\" alt=\"\" width=\"300\" height=\"300\" srcset=\"http:\/\/www.spsressources.ch\/wordpress\/wp-content\/uploads\/2019\/03\/IMG_2234-300x300.jpg 300w, http:\/\/www.spsressources.ch\/wordpress\/wp-content\/uploads\/2019\/03\/IMG_2234-150x150.jpg 150w, http:\/\/www.spsressources.ch\/wordpress\/wp-content\/uploads\/2019\/03\/IMG_2234.jpg 720w\" sizes=\"auto, (max-width: 300px) 100vw, 300px\" \/><\/p>\n<p>Lorsque l&rsquo;on tire le tiroir, on d\u00e9couvre que l&rsquo;on a affaire \u00e0 un CP.<\/p>\n<p style=\"text-align: center;\"><a href=\"http:\/\/www.spsressources.ch\/wordpress\/wp-content\/uploads\/2019\/03\/IMG_2236.jpg\"><img loading=\"lazy\" decoding=\"async\" class=\"alignnone wp-image-15410 size-medium\" src=\"http:\/\/www.spsressources.ch\/wordpress\/wp-content\/uploads\/2019\/03\/IMG_2236-300x300.jpg\" alt=\"\" width=\"300\" height=\"300\" srcset=\"http:\/\/www.spsressources.ch\/wordpress\/wp-content\/uploads\/2019\/03\/IMG_2236-300x300.jpg 300w, http:\/\/www.spsressources.ch\/wordpress\/wp-content\/uploads\/2019\/03\/IMG_2236-150x150.jpg 150w, http:\/\/www.spsressources.ch\/wordpress\/wp-content\/uploads\/2019\/03\/IMG_2236.jpg 720w\" sizes=\"auto, (max-width: 300px) 100vw, 300px\" \/><\/a><\/p>\n<p style=\"text-align: center;\">Elles\u00a0peuvent \u00eatre d\u00e9plac\u00e9 \u00e0 l&rsquo;aide d&rsquo;une petite voiture fabriqu\u00e9es avec l&rsquo;int\u00e9rieure d&rsquo;une bo\u00eete d&rsquo;allumettes, de 4 roues en cartons et 4 agrafes parisiennes.<\/p>\n<p><strong>Le garage \u00e0 compl\u00e9ments de phrases<\/strong> est fabriqu\u00e9 avec une petite bo\u00eete en carton e<a href=\"http:\/\/www.spsressources.ch\/wordpress\/wp-content\/uploads\/2019\/03\/IMG_2197.jpg\"><img loading=\"lazy\" decoding=\"async\" class=\"wp-image-15390 size-medium aligncenter\" src=\"http:\/\/www.spsressources.ch\/wordpress\/wp-content\/uploads\/2019\/03\/IMG_2197-300x225.jpg\" alt=\"\" width=\"300\" height=\"225\" srcset=\"http:\/\/www.spsressources.ch\/wordpress\/wp-content\/uploads\/2019\/03\/IMG_2197-300x225.jpg 300w, http:\/\/www.spsressources.ch\/wordpress\/wp-content\/uploads\/2019\/03\/IMG_2197-768x576.jpg 768w, http:\/\/www.spsressources.ch\/wordpress\/wp-content\/uploads\/2019\/03\/IMG_2197.jpg 960w\" sizes=\"auto, (max-width: 300px) 100vw, 300px\" \/><\/a><\/p>\n<p>Les compl\u00e9ments de phrases peuvent \u00eatre d\u00e9plac\u00e9s dans la phrases ou rang\u00e9s au garage<\/p>\n<p><img loading=\"lazy\" decoding=\"async\" class=\"wp-image-15387 size-medium aligncenter\" style=\"font-size: 12px; line-height: 18px;\" src=\"http:\/\/www.spsressources.ch\/wordpress\/wp-content\/uploads\/2019\/03\/IMG_2194-300x225.jpg\" alt=\"\" width=\"300\" height=\"225\" srcset=\"http:\/\/www.spsressources.ch\/wordpress\/wp-content\/uploads\/2019\/03\/IMG_2194-300x225.jpg 300w, http:\/\/www.spsressources.ch\/wordpress\/wp-content\/uploads\/2019\/03\/IMG_2194-768x576.jpg 768w, http:\/\/www.spsressources.ch\/wordpress\/wp-content\/uploads\/2019\/03\/IMG_2194.jpg 960w\" sizes=\"auto, (max-width: 300px) 100vw, 300px\" \/><\/p>\n<p><strong>EXEMPLE :<\/strong><\/p>\n<p>Analyse de la phrase : <em>Ce matin, dans le jardin, le chien mange un os<\/em><\/p>\n<p style=\"text-align: center;\"><a href=\"http:\/\/www.spsressources.ch\/wordpress\/wp-content\/uploads\/2019\/03\/IMG_2257.jpg\"><img loading=\"lazy\" decoding=\"async\" class=\"size-full wp-image-15431 alignnone\" src=\"http:\/\/www.spsressources.ch\/wordpress\/wp-content\/uploads\/2019\/03\/IMG_2257.jpg\" alt=\"\" width=\"960\" height=\"720\" srcset=\"http:\/\/www.spsressources.ch\/wordpress\/wp-content\/uploads\/2019\/03\/IMG_2257.jpg 960w, http:\/\/www.spsressources.ch\/wordpress\/wp-content\/uploads\/2019\/03\/IMG_2257-300x225.jpg 300w, http:\/\/www.spsressources.ch\/wordpress\/wp-content\/uploads\/2019\/03\/IMG_2257-768x576.jpg 768w\" sizes=\"auto, (max-width: 960px) 100vw, 960px\" \/><\/a> Ici le CP a \u00e9t\u00e9 d\u00e9plac\u00e9<\/p>\n<p>&nbsp;<\/p>\n<p><a href=\"http:\/\/www.spsressources.ch\/wordpress\/wp-content\/uploads\/2019\/03\/IMG_2237.jpg\"><img loading=\"lazy\" decoding=\"async\" class=\"alignnone wp-image-15411 size-medium\" src=\"http:\/\/www.spsressources.ch\/wordpress\/wp-content\/uploads\/2019\/03\/IMG_2237-300x300.jpg\" alt=\"\" width=\"300\" height=\"300\" srcset=\"http:\/\/www.spsressources.ch\/wordpress\/wp-content\/uploads\/2019\/03\/IMG_2237-300x300.jpg 300w, http:\/\/www.spsressources.ch\/wordpress\/wp-content\/uploads\/2019\/03\/IMG_2237-150x150.jpg 150w, http:\/\/www.spsressources.ch\/wordpress\/wp-content\/uploads\/2019\/03\/IMG_2237.jpg 720w\" sizes=\"auto, (max-width: 300px) 100vw, 300px\" \/><\/a> \u00a0\u00a0<a href=\"http:\/\/www.spsressources.ch\/wordpress\/wp-content\/uploads\/2019\/03\/IMG_2240.jpg\"><img loading=\"lazy\" decoding=\"async\" class=\"alignnone wp-image-15414 size-medium\" src=\"http:\/\/www.spsressources.ch\/wordpress\/wp-content\/uploads\/2019\/03\/IMG_2240-300x300.jpg\" alt=\"\" width=\"300\" height=\"300\" srcset=\"http:\/\/www.spsressources.ch\/wordpress\/wp-content\/uploads\/2019\/03\/IMG_2240-300x300.jpg 300w, http:\/\/www.spsressources.ch\/wordpress\/wp-content\/uploads\/2019\/03\/IMG_2240-150x150.jpg 150w, http:\/\/www.spsressources.ch\/wordpress\/wp-content\/uploads\/2019\/03\/IMG_2240.jpg 720w\" sizes=\"auto, (max-width: 300px) 100vw, 300px\" \/><\/a><\/p>\n<p>Voici la bo\u00eete pour <strong>le verbe \u00eatre<\/strong> qui est suivi d&rsquo;un <em>attribut du sujet ou suite d&rsquo;\u00eatre<\/em><\/p>\n<p><a href=\"http:\/\/www.spsressources.ch\/wordpress\/wp-content\/uploads\/2019\/03\/IMG_2245.jpg\"><img loading=\"lazy\" decoding=\"async\" class=\"alignnone wp-image-15419 size-medium\" src=\"http:\/\/www.spsressources.ch\/wordpress\/wp-content\/uploads\/2019\/03\/IMG_2245-300x300.jpg\" alt=\"\" width=\"300\" height=\"300\" srcset=\"http:\/\/www.spsressources.ch\/wordpress\/wp-content\/uploads\/2019\/03\/IMG_2245-300x300.jpg 300w, http:\/\/www.spsressources.ch\/wordpress\/wp-content\/uploads\/2019\/03\/IMG_2245-150x150.jpg 150w, http:\/\/www.spsressources.ch\/wordpress\/wp-content\/uploads\/2019\/03\/IMG_2245.jpg 720w\" sizes=\"auto, (max-width: 300px) 100vw, 300px\" \/><\/a><a href=\"http:\/\/www.spsressources.ch\/wordpress\/wp-content\/uploads\/2019\/03\/IMG_2252-1.jpg\"><img loading=\"lazy\" decoding=\"async\" class=\"alignnone wp-image-15450 size-medium\" src=\"http:\/\/www.spsressources.ch\/wordpress\/wp-content\/uploads\/2019\/03\/IMG_2252-1-300x225.jpg\" alt=\"\" width=\"300\" height=\"225\" srcset=\"http:\/\/www.spsressources.ch\/wordpress\/wp-content\/uploads\/2019\/03\/IMG_2252-1-300x225.jpg 300w, http:\/\/www.spsressources.ch\/wordpress\/wp-content\/uploads\/2019\/03\/IMG_2252-1-768x576.jpg 768w, http:\/\/www.spsressources.ch\/wordpress\/wp-content\/uploads\/2019\/03\/IMG_2252-1.jpg 960w\" sizes=\"auto, (max-width: 300px) 100vw, 300px\" \/><\/a><\/p>\n<p>&nbsp;<\/p>\n","protected":false},"excerpt":{"rendered":"<p>Petite machines pour analyser les phrases\u00a0(Voir aussi la phrase chenille\u00a0 et \u00a0les crayons pour analyser les phrases et \u00a0l&rsquo;analyse de la phrase avec une bo\u00eete \u00e0 tiroirs) Voici 4 petites \u00ab\u00a0machines\u00a0\u00bb servant \u00e0 analyser une phrase fabriqu\u00e9es avec des bo\u00eetes &hellip; <a href=\"http:\/\/www.spsressources.ch\/wordpress\/?page_id=15376\">Continuer la lecture <span class=\"meta-nav\">&rarr;<\/span><\/a><\/p>\n","protected":false},"author":3472,"featured_media":0,"parent":586,"menu_order":0,"comment_status":"closed","ping_status":"closed","template":"","meta":{"footnotes":""},"class_list":["post-15376","page","type-page","status-publish","hentry"],"_links":{"self":[{"href":"http:\/\/www.spsressources.ch\/wordpress\/index.php?rest_route=\/wp\/v2\/pages\/15376","targetHints":{"allow":["GET"]}}],"collection":[{"href":"http:\/\/www.spsressources.ch\/wordpress\/index.php?rest_route=\/wp\/v2\/pages"}],"about":[{"href":"http:\/\/www.spsressources.ch\/wordpress\/index.php?rest_route=\/wp\/v2\/types\/page"}],"author":[{"embeddable":true,"href":"http:\/\/www.spsressources.ch\/wordpress\/index.php?rest_route=\/wp\/v2\/users\/3472"}],"replies":[{"embeddable":true,"href":"http:\/\/www.spsressources.ch\/wordpress\/index.php?rest_route=%2Fwp%2Fv2%2Fcomments&post=15376"}],"version-history":[{"count":13,"href":"http:\/\/www.spsressources.ch\/wordpress\/index.php?rest_route=\/wp\/v2\/pages\/15376\/revisions"}],"predecessor-version":[{"id":16218,"href":"http:\/\/www.spsressources.ch\/wordpress\/index.php?rest_route=\/wp\/v2\/pages\/15376\/revisions\/16218"}],"up":[{"embeddable":true,"href":"http:\/\/www.spsressources.ch\/wordpress\/index.php?rest_route=\/wp\/v2\/pages\/586"}],"wp:attachment":[{"href":"http:\/\/www.spsressources.ch\/wordpress\/index.php?rest_route=%2Fwp%2Fv2%2Fmedia&parent=15376"}],"curies":[{"name":"wp","href":"https:\/\/api.w.org\/{rel}","templated":true}]}}