{"id":13237,"date":"2015-10-08T07:45:37","date_gmt":"2015-10-08T07:45:37","guid":{"rendered":"http:\/\/www.spsressources.ch\/wordpress\/?page_id=13237"},"modified":"2015-10-08T11:18:42","modified_gmt":"2015-10-08T11:18:42","slug":"memento","status":"publish","type":"page","link":"http:\/\/www.spsressources.ch\/wordpress\/?page_id=13237","title":{"rendered":"MEMENTO"},"content":{"rendered":"<p>un memento complet et tr\u00e8s visuel se trouve sur le site educalire<\/p>\n<p><a href=\"http:\/\/www.educalire.net\/MatMemento.htm\">Cliquez ici pour acc\u00e9der \u00e0 la page<\/a><\/p>\n<p>&nbsp;<\/p>\n<p>&nbsp;<\/p>\n","protected":false},"excerpt":{"rendered":"<p>un memento complet et tr\u00e8s visuel se trouve sur le site educalire Cliquez ici pour acc\u00e9der \u00e0 la page &nbsp; &nbsp;<\/p>\n","protected":false},"author":3472,"featured_media":0,"parent":581,"menu_order":0,"comment_status":"open","ping_status":"closed","template":"","meta":{"footnotes":""},"class_list":["post-13237","page","type-page","status-publish","hentry"],"_links":{"self":[{"href":"http:\/\/www.spsressources.ch\/wordpress\/index.php?rest_route=\/wp\/v2\/pages\/13237","targetHints":{"allow":["GET"]}}],"collection":[{"href":"http:\/\/www.spsressources.ch\/wordpress\/index.php?rest_route=\/wp\/v2\/pages"}],"about":[{"href":"http:\/\/www.spsressources.ch\/wordpress\/index.php?rest_route=\/wp\/v2\/types\/page"}],"author":[{"embeddable":true,"href":"http:\/\/www.spsressources.ch\/wordpress\/index.php?rest_route=\/wp\/v2\/users\/3472"}],"replies":[{"embeddable":true,"href":"http:\/\/www.spsressources.ch\/wordpress\/index.php?rest_route=%2Fwp%2Fv2%2Fcomments&post=13237"}],"version-history":[{"count":6,"href":"http:\/\/www.spsressources.ch\/wordpress\/index.php?rest_route=\/wp\/v2\/pages\/13237\/revisions"}],"predecessor-version":[{"id":13242,"href":"http:\/\/www.spsressources.ch\/wordpress\/index.php?rest_route=\/wp\/v2\/pages\/13237\/revisions\/13242"}],"up":[{"embeddable":true,"href":"http:\/\/www.spsressources.ch\/wordpress\/index.php?rest_route=\/wp\/v2\/pages\/581"}],"wp:attachment":[{"href":"http:\/\/www.spsressources.ch\/wordpress\/index.php?rest_route=%2Fwp%2Fv2%2Fmedia&parent=13237"}],"curies":[{"name":"wp","href":"https:\/\/api.w.org\/{rel}","templated":true}]}}