{"id":11815,"date":"2014-07-04T07:29:19","date_gmt":"2014-07-04T07:29:19","guid":{"rendered":"http:\/\/www.spsressources.ch\/wordpress\/?page_id=11815"},"modified":"2014-07-04T07:37:11","modified_gmt":"2014-07-04T07:37:11","slug":"jeu-de-cartes-colorees","status":"publish","type":"page","link":"http:\/\/www.spsressources.ch\/wordpress\/?page_id=11815","title":{"rendered":"Jeu de cartes color\u00e9es"},"content":{"rendered":"<h2>(pour l\u2019entra\u00eenement de l\u2019attention et de la flexibilit\u00e9\u00a0mentale)<\/h2>\n<p><a href=\"http:\/\/orthophonielibre.wordpress.com\/2011\/12\/22\/jeu-cartes-colorees-pour-lentrainement-de-lattention-et-de-la-flexibilite-mentale\/ \">Cliquez ici pour aller sur le site \u00ab\u00a0Orthophonie et Logiciels libres\u00a0\u00bb\u00a0<\/a><\/p>\n<p>&nbsp;<\/p>\n<p><a href=\"http:\/\/orthophonielibre.files.wordpress.com\/2011\/12\/jeu-cartes-colorees.pdf\">Cliquez ici pour t\u00e9l\u00e9charger les cartes et la planche du jeu<\/a><\/p>\n<p><a href=\"http:\/\/orthophonielibre.files.wordpress.com\/2011\/12\/notice-cartes-colorees.pdf\">Cliquez ici pour t\u00e9l\u00e9charger la notice explicative<\/a><\/p>\n<p><a href=\"http:\/\/orthophonielibre.files.wordpress.com\/2011\/12\/jeu-cartes-colorees.pdf\"><img loading=\"lazy\" decoding=\"async\" class=\"alignnone size-medium wp-image-11816\" title=\"Image 45\" src=\"http:\/\/www.spsressources.ch\/wordpress\/wp-content\/uploads\/2014\/07\/Image-45-300x223.png\" alt=\"\" width=\"300\" height=\"223\" srcset=\"http:\/\/www.spsressources.ch\/wordpress\/wp-content\/uploads\/2014\/07\/Image-45-300x223.png 300w, http:\/\/www.spsressources.ch\/wordpress\/wp-content\/uploads\/2014\/07\/Image-45.png 639w\" sizes=\"auto, (max-width: 300px) 100vw, 300px\" \/><\/a><a href=\"http:\/\/www.spsressources.ch\/wordpress\/wp-content\/uploads\/2014\/07\/Image-43.png\"><img loading=\"lazy\" decoding=\"async\" class=\"alignnone size-medium wp-image-11817\" title=\"Image 43\" src=\"http:\/\/www.spsressources.ch\/wordpress\/wp-content\/uploads\/2014\/07\/Image-43-211x300.png\" alt=\"\" width=\"211\" height=\"300\" srcset=\"http:\/\/www.spsressources.ch\/wordpress\/wp-content\/uploads\/2014\/07\/Image-43-211x300.png 211w, http:\/\/www.spsressources.ch\/wordpress\/wp-content\/uploads\/2014\/07\/Image-43.png 558w\" sizes=\"auto, (max-width: 211px) 100vw, 211px\" \/><\/a><\/p>\n","protected":false},"excerpt":{"rendered":"<p>(pour l\u2019entra\u00eenement de l\u2019attention et de la flexibilit\u00e9\u00a0mentale) Cliquez ici pour aller sur le site \u00ab\u00a0Orthophonie et Logiciels libres\u00a0\u00bb\u00a0 &nbsp; Cliquez ici pour t\u00e9l\u00e9charger les cartes et la planche du jeu Cliquez ici pour t\u00e9l\u00e9charger la notice explicative<\/p>\n","protected":false},"author":3472,"featured_media":0,"parent":7169,"menu_order":0,"comment_status":"open","ping_status":"closed","template":"","meta":{"footnotes":""},"class_list":["post-11815","page","type-page","status-publish","hentry"],"_links":{"self":[{"href":"http:\/\/www.spsressources.ch\/wordpress\/index.php?rest_route=\/wp\/v2\/pages\/11815","targetHints":{"allow":["GET"]}}],"collection":[{"href":"http:\/\/www.spsressources.ch\/wordpress\/index.php?rest_route=\/wp\/v2\/pages"}],"about":[{"href":"http:\/\/www.spsressources.ch\/wordpress\/index.php?rest_route=\/wp\/v2\/types\/page"}],"author":[{"embeddable":true,"href":"http:\/\/www.spsressources.ch\/wordpress\/index.php?rest_route=\/wp\/v2\/users\/3472"}],"replies":[{"embeddable":true,"href":"http:\/\/www.spsressources.ch\/wordpress\/index.php?rest_route=%2Fwp%2Fv2%2Fcomments&post=11815"}],"version-history":[{"count":5,"href":"http:\/\/www.spsressources.ch\/wordpress\/index.php?rest_route=\/wp\/v2\/pages\/11815\/revisions"}],"predecessor-version":[{"id":11819,"href":"http:\/\/www.spsressources.ch\/wordpress\/index.php?rest_route=\/wp\/v2\/pages\/11815\/revisions\/11819"}],"up":[{"embeddable":true,"href":"http:\/\/www.spsressources.ch\/wordpress\/index.php?rest_route=\/wp\/v2\/pages\/7169"}],"wp:attachment":[{"href":"http:\/\/www.spsressources.ch\/wordpress\/index.php?rest_route=%2Fwp%2Fv2%2Fmedia&parent=11815"}],"curies":[{"name":"wp","href":"https:\/\/api.w.org\/{rel}","templated":true}]}}