{"id":11370,"date":"2014-04-04T13:47:23","date_gmt":"2014-04-04T13:47:23","guid":{"rendered":"http:\/\/www.spsressources.ch\/wordpress\/?page_id=11370"},"modified":"2014-04-04T13:55:40","modified_gmt":"2014-04-04T13:55:40","slug":"entrainement-au-decodage-et-a-la-comprehension-en-lecture","status":"publish","type":"page","link":"http:\/\/www.spsressources.ch\/wordpress\/?page_id=11370","title":{"rendered":"entrainement au d\u00e9codage et \u00e0 la compr\u00e9hension en lecture"},"content":{"rendered":"<p>entrainement au d\u00e9codage et \u00e0 la compr\u00e9hension en lecture: 1er cycle<a href=\"http:\/\/www.spsressources.ch\/wordpress\/wp-content\/uploads\/2014\/04\/Image-64.png\"><img loading=\"lazy\" decoding=\"async\" class=\"size-medium wp-image-11371 aligncenter\" title=\"Image 64\" src=\"http:\/\/www.spsressources.ch\/wordpress\/wp-content\/uploads\/2014\/04\/Image-64-300x217.png\" alt=\"\" width=\"300\" height=\"217\" srcset=\"http:\/\/www.spsressources.ch\/wordpress\/wp-content\/uploads\/2014\/04\/Image-64-300x217.png 300w, http:\/\/www.spsressources.ch\/wordpress\/wp-content\/uploads\/2014\/04\/Image-64.png 822w\" sizes=\"auto, (max-width: 300px) 100vw, 300px\" \/><\/a><\/p>\n","protected":false},"excerpt":{"rendered":"<p>entrainement au d\u00e9codage et \u00e0 la compr\u00e9hension en lecture: 1er cycle<\/p>\n","protected":false},"author":3472,"featured_media":0,"parent":11176,"menu_order":0,"comment_status":"open","ping_status":"closed","template":"","meta":{"footnotes":""},"class_list":["post-11370","page","type-page","status-publish","hentry"],"_links":{"self":[{"href":"http:\/\/www.spsressources.ch\/wordpress\/index.php?rest_route=\/wp\/v2\/pages\/11370","targetHints":{"allow":["GET"]}}],"collection":[{"href":"http:\/\/www.spsressources.ch\/wordpress\/index.php?rest_route=\/wp\/v2\/pages"}],"about":[{"href":"http:\/\/www.spsressources.ch\/wordpress\/index.php?rest_route=\/wp\/v2\/types\/page"}],"author":[{"embeddable":true,"href":"http:\/\/www.spsressources.ch\/wordpress\/index.php?rest_route=\/wp\/v2\/users\/3472"}],"replies":[{"embeddable":true,"href":"http:\/\/www.spsressources.ch\/wordpress\/index.php?rest_route=%2Fwp%2Fv2%2Fcomments&post=11370"}],"version-history":[{"count":3,"href":"http:\/\/www.spsressources.ch\/wordpress\/index.php?rest_route=\/wp\/v2\/pages\/11370\/revisions"}],"predecessor-version":[{"id":11373,"href":"http:\/\/www.spsressources.ch\/wordpress\/index.php?rest_route=\/wp\/v2\/pages\/11370\/revisions\/11373"}],"up":[{"embeddable":true,"href":"http:\/\/www.spsressources.ch\/wordpress\/index.php?rest_route=\/wp\/v2\/pages\/11176"}],"wp:attachment":[{"href":"http:\/\/www.spsressources.ch\/wordpress\/index.php?rest_route=%2Fwp%2Fv2%2Fmedia&parent=11370"}],"curies":[{"name":"wp","href":"https:\/\/api.w.org\/{rel}","templated":true}]}}