{"id":11295,"date":"2014-04-04T13:02:36","date_gmt":"2014-04-04T13:02:36","guid":{"rendered":"http:\/\/www.spsressources.ch\/wordpress\/?page_id=11295"},"modified":"2014-04-04T13:28:51","modified_gmt":"2014-04-04T13:28:51","slug":"numeration-et-calculs","status":"publish","type":"page","link":"http:\/\/www.spsressources.ch\/wordpress\/?page_id=11295","title":{"rendered":"Num\u00e9ration et calculs"},"content":{"rendered":"<ul>\n<li><span style=\"text-decoration: underline;\"><span style=\"color: #800080; text-decoration: underline;\"><a href=\"http:\/\/www.spsressources.ch\/wordpress\/?page_id=9504\"><span style=\"color: #800080; text-decoration: underline;\">Addi Cat&rsquo;s<\/span><\/a><\/span><\/span><\/li>\n<li><span style=\"text-decoration: underline;\"><span style=\"color: #800080; text-decoration: underline;\">\u00a0A<a href=\"http:\/\/www.spsressources.ch\/wordpress\/?page_id=5941\"><span style=\"color: #800080; text-decoration: underline;\">rr\u00eat de bus<\/span><\/a><\/span><\/span><\/li>\n<li><span style=\"text-decoration: underline;\"><span style=\"color: #800080; text-decoration: underline;\"><a href=\"http:\/\/www.spsressources.ch\/wordpress\/?page_id=6017\"><span style=\"color: #800080; text-decoration: underline;\">bata waf<\/span><\/a><\/span><\/span><\/li>\n<li><span style=\"text-decoration: underline;\"><span style=\"color: #800080; text-decoration: underline;\"><a href=\"http:\/\/www.spsressources.ch\/wordpress\/?page_id=6032\"><span style=\"color: #800080; text-decoration: underline;\">calculer avec schubi<\/span><\/a><\/span><\/span><\/li>\n<li><span style=\"text-decoration: underline;\"><span style=\"color: #800080; text-decoration: underline;\"><a href=\"http:\/\/www.spsressources.ch\/wordpress\/?page_id=9393\"><span style=\"color: #800080; text-decoration: underline;\">carte \u00e9veils (additions)<\/span><\/a><\/span><\/span><\/li>\n<li><span style=\"text-decoration: underline;\"><span style=\"color: #800080; text-decoration: underline;\"><a href=\"http:\/\/www.spsressources.ch\/wordpress\/?page_id=4131\"><span style=\"color: #800080; text-decoration: underline;\">coffret pour la num\u00e9ration et les calcul<\/span><\/a><\/span><\/span><\/li>\n<li><span style=\"text-decoration: underline;\"><span style=\"color: #800080; text-decoration: underline;\"><a href=\" http:\/\/www.spsressources.ch\/wordpress\/?page_id=5956\"><span style=\"color: #800080; text-decoration: underline;\">Hexatrix<\/span><\/a><\/span><\/span><\/li>\n<li><span style=\"text-decoration: underline;\"><span style=\"color: #800080; text-decoration: underline;\"><a href=\"http:\/\/www.spsressources.ch\/wordpress\/?page_id=5978\"><span style=\"color: #800080; text-decoration: underline;\">j&rsquo;apprends le calcul<\/span><\/a><\/span><\/span><\/li>\n<li><span style=\"text-decoration: underline;\"><span style=\"color: #800080; text-decoration: underline;\"><a href=\"http:\/\/www.spsressources.ch\/wordpress\/?page_id=10987\"><span style=\"color: #800080; text-decoration: underline;\">J&rsquo;apprends les maths avec Picbille<\/span><\/a><\/span><\/span><\/li>\n<li><span style=\"text-decoration: underline;\"><span style=\"color: #800080; text-decoration: underline;\"><a href=\"http:\/\/www.spsressources.ch\/wordpress\/?page_id=11115\"><span style=\"color: #800080; text-decoration: underline;\">Jeu de fiches \u00e0 calculer<\/span><\/a><\/span><\/span><\/li>\n<li><span style=\"text-decoration: underline;\"><span style=\"color: #800080; text-decoration: underline;\"><a href=\" http:\/\/www.spsressources.ch\/wordpress\/?page_id=7513\"><span style=\"color: #800080; text-decoration: underline;\">Jeu de r\u00e9vision de maths<\/span><\/a><\/span><\/span><\/li>\n<li><span style=\"text-decoration: underline;\"><span style=\"color: #800080; text-decoration: underline;\"><a href=\" http:\/\/www.spsressources.ch\/wordpress\/?page_id=9409\"><span style=\"color: #800080; text-decoration: underline;\">La bataille des nombres<\/span><\/a><\/span><\/span><\/li>\n<li><span style=\"text-decoration: underline;\"><span style=\"color: #800080; text-decoration: underline;\"><a href=\"http:\/\/www.spsressources.ch\/wordpress\/?page_id=5996\"><span style=\"color: #800080; text-decoration: underline;\">l&rsquo;album \u00e0 calculer<\/span><\/a><\/span><\/span><\/li>\n<li><span style=\"text-decoration: underline;\"><span style=\"color: #800080; text-decoration: underline;\"><a href=\"http:\/\/www.spsressources.ch\/wordpress\/?page_id=9401\"><span style=\"color: #800080; text-decoration: underline;\">l&rsquo;As des tables d&rsquo;additions<\/span><\/a><\/span><\/span><\/li>\n<li><span style=\"text-decoration: underline;\"><span style=\"color: #800080; text-decoration: underline;\"><a href=\"http:\/\/www.spsressources.ch\/wordpress\/?page_id=5986\"><span style=\"color: #800080; text-decoration: underline;\">le calcul\u00a0<\/span><\/a><\/span><\/span><\/li>\n<li><span style=\"text-decoration: underline;\"><span style=\"color: #800080; text-decoration: underline;\"><a href=\"http:\/\/www.spsressources.ch\/wordpress\/?page_id=5947\"><span style=\"color: #800080; text-decoration: underline;\">les chiens tachet\u00e9s<\/span><\/a><\/span><\/span><\/li>\n<li><span style=\"text-decoration: underline;\"><span style=\"color: #800080; text-decoration: underline;\"><a href=\" http:\/\/www.spsressources.ch\/wordpress\/?page_id=7194\"><span style=\"color: #800080; text-decoration: underline;\">l&rsquo;\u00e9veil aux chiffres<\/span><\/a><\/span><\/span><\/li>\n<li><span style=\"text-decoration: underline;\"><span style=\"color: #800080; text-decoration: underline;\"><a href=\"http:\/\/www.spsressources.ch\/wordpress\/?page_id=6488\"><span style=\"color: #800080; text-decoration: underline;\">lobo 77\u00a0<\/span><\/a><\/span><\/span><\/li>\n<li><span style=\"text-decoration: underline;\"><span style=\"color: #800080; text-decoration: underline;\"><a href=\"http:\/\/www.spsressources.ch\/wordpress\/?page_id=5967\"><span style=\"color: #800080; text-decoration: underline;\">m\u00e9t\u00e9or maths<\/span><\/a><\/span><\/span><\/li>\n<li><span style=\"text-decoration: underline;\"><span style=\"color: #800080; text-decoration: underline;\"><a href=\"http:\/\/www.spsressources.ch\/wordpress\/?page_id=6544\"><span style=\"color: #800080; text-decoration: underline;\">mon atelier de calculs<\/span><\/a><\/span><\/span><\/li>\n<li><span style=\"text-decoration: underline;\"><span style=\"color: #800080; text-decoration: underline;\"><a href=\"http:\/\/www.spsressources.ch\/wordpress\/?page_id=7190\"><span style=\"color: #800080; text-decoration: underline;\">printing numbers<\/span><\/a><\/span><\/span><\/li>\n<li><span style=\"text-decoration: underline;\"><span style=\"color: #800080; text-decoration: underline;\"><a href=\"http:\/\/www.spsressources.ch\/wordpress\/?page_id=6006\"><span style=\"color: #800080; text-decoration: underline;\">punta<\/span><\/a><\/span><\/span><\/li>\n<li><span style=\"text-decoration: underline;\"><span style=\"color: #800080; text-decoration: underline;\"><a href=\"http:\/\/www.spsressources.ch\/wordpress\/?page_id=5951\"><span style=\"color: #800080; text-decoration: underline;\">schubitrix<\/span><\/a><\/span><\/span><\/li>\n<\/ul>\n","protected":false},"excerpt":{"rendered":"<p>Addi Cat&rsquo;s \u00a0Arr\u00eat de bus bata waf calculer avec schubi carte \u00e9veils (additions) coffret pour la num\u00e9ration et les calcul Hexatrix j&rsquo;apprends le calcul J&rsquo;apprends les maths avec Picbille Jeu de fiches \u00e0 calculer Jeu de r\u00e9vision de maths La &hellip; <a href=\"http:\/\/www.spsressources.ch\/wordpress\/?page_id=11295\">Continuer la lecture <span class=\"meta-nav\">&rarr;<\/span><\/a><\/p>\n","protected":false},"author":3472,"featured_media":0,"parent":4127,"menu_order":0,"comment_status":"open","ping_status":"closed","template":"","meta":{"footnotes":""},"class_list":["post-11295","page","type-page","status-publish","hentry"],"_links":{"self":[{"href":"http:\/\/www.spsressources.ch\/wordpress\/index.php?rest_route=\/wp\/v2\/pages\/11295","targetHints":{"allow":["GET"]}}],"collection":[{"href":"http:\/\/www.spsressources.ch\/wordpress\/index.php?rest_route=\/wp\/v2\/pages"}],"about":[{"href":"http:\/\/www.spsressources.ch\/wordpress\/index.php?rest_route=\/wp\/v2\/types\/page"}],"author":[{"embeddable":true,"href":"http:\/\/www.spsressources.ch\/wordpress\/index.php?rest_route=\/wp\/v2\/users\/3472"}],"replies":[{"embeddable":true,"href":"http:\/\/www.spsressources.ch\/wordpress\/index.php?rest_route=%2Fwp%2Fv2%2Fcomments&post=11295"}],"version-history":[{"count":4,"href":"http:\/\/www.spsressources.ch\/wordpress\/index.php?rest_route=\/wp\/v2\/pages\/11295\/revisions"}],"predecessor-version":[{"id":11297,"href":"http:\/\/www.spsressources.ch\/wordpress\/index.php?rest_route=\/wp\/v2\/pages\/11295\/revisions\/11297"}],"up":[{"embeddable":true,"href":"http:\/\/www.spsressources.ch\/wordpress\/index.php?rest_route=\/wp\/v2\/pages\/4127"}],"wp:attachment":[{"href":"http:\/\/www.spsressources.ch\/wordpress\/index.php?rest_route=%2Fwp%2Fv2%2Fmedia&parent=11295"}],"curies":[{"name":"wp","href":"https:\/\/api.w.org\/{rel}","templated":true}]}}