{"id":10850,"date":"2014-03-27T14:43:53","date_gmt":"2014-03-27T14:43:53","guid":{"rendered":"http:\/\/www.spsressources.ch\/wordpress\/?page_id=10850"},"modified":"2014-04-04T13:00:45","modified_gmt":"2014-04-04T13:00:45","slug":"10850-2","status":"publish","type":"page","link":"http:\/\/www.spsressources.ch\/wordpress\/?page_id=10850","title":{"rendered":"Soutien p\u00e9dagogique sp\u00e9cialis\u00e9 et coenseignement, Romaine Othenin-Girard"},"content":{"rendered":"","protected":true},"excerpt":{"rendered":"","protected":true},"author":3472,"featured_media":0,"parent":11283,"menu_order":3,"comment_status":"open","ping_status":"closed","template":"","meta":{"footnotes":""},"class_list":["post-10850","page","type-page","status-publish","post-password-required","hentry"],"_links":{"self":[{"href":"http:\/\/www.spsressources.ch\/wordpress\/index.php?rest_route=\/wp\/v2\/pages\/10850","targetHints":{"allow":["GET"]}}],"collection":[{"href":"http:\/\/www.spsressources.ch\/wordpress\/index.php?rest_route=\/wp\/v2\/pages"}],"about":[{"href":"http:\/\/www.spsressources.ch\/wordpress\/index.php?rest_route=\/wp\/v2\/types\/page"}],"author":[{"embeddable":true,"href":"http:\/\/www.spsressources.ch\/wordpress\/index.php?rest_route=\/wp\/v2\/users\/3472"}],"replies":[{"embeddable":true,"href":"http:\/\/www.spsressources.ch\/wordpress\/index.php?rest_route=%2Fwp%2Fv2%2Fcomments&post=10850"}],"version-history":[{"count":12,"href":"http:\/\/www.spsressources.ch\/wordpress\/index.php?rest_route=\/wp\/v2\/pages\/10850\/revisions"}],"predecessor-version":[{"id":10854,"href":"http:\/\/www.spsressources.ch\/wordpress\/index.php?rest_route=\/wp\/v2\/pages\/10850\/revisions\/10854"}],"up":[{"embeddable":true,"href":"http:\/\/www.spsressources.ch\/wordpress\/index.php?rest_route=\/wp\/v2\/pages\/11283"}],"wp:attachment":[{"href":"http:\/\/www.spsressources.ch\/wordpress\/index.php?rest_route=%2Fwp%2Fv2%2Fmedia&parent=10850"}],"curies":[{"name":"wp","href":"https:\/\/api.w.org\/{rel}","templated":true}]}}