{"id":10617,"date":"2014-03-19T09:16:37","date_gmt":"2014-03-19T09:16:37","guid":{"rendered":"http:\/\/www.spsressources.ch\/wordpress\/?page_id=10617"},"modified":"2014-03-19T14:15:57","modified_gmt":"2014-03-19T14:15:57","slug":"teminoliogie-uniforme-dans-le-domaine-de-la-pedagogie-specialisee-cdip-oct-2007","status":"publish","type":"page","link":"http:\/\/www.spsressources.ch\/wordpress\/?page_id=10617","title":{"rendered":"Terminologie uniforme dans le domaine de la p\u00e9dagogie sp\u00e9cialis\u00e9e, CDIP, oct.2007"},"content":{"rendered":"<p><span style=\"text-decoration: underline; color: #800080;\"><a href=\"http:\/\/www.edudoc.ch\/static\/web\/arbeiten\/sonderpaed\/terminologie_f.pdf\"><span style=\"text-decoration: underline; color: #800080;\">Terminologie uniforme pour le domaine de la p\u00e9dagogie sp\u00e9cialis\u00e9eadopt\u00e9e par la CDIP le 25 octobre 2007\u00a0sur la base de l\u2019accord intercantonal sur la collaboration\u00a0dans le domaine de la p\u00e9dagogie sp\u00e9cialis\u00e9e<\/span><\/a><\/span><\/p>\n<p><a href=\"http:\/\/www.edudoc.ch\/static\/web\/arbeiten\/sonderpaed\/terminologie_f.pdf\"><img loading=\"lazy\" decoding=\"async\" class=\"size-full wp-image-10627 aligncenter\" title=\"Image 15\" src=\"http:\/\/www.spsressources.ch\/wordpress\/wp-content\/uploads\/2014\/03\/Image-15.png\" alt=\"\" width=\"308\" height=\"435\" srcset=\"http:\/\/www.spsressources.ch\/wordpress\/wp-content\/uploads\/2014\/03\/Image-15.png 513w, http:\/\/www.spsressources.ch\/wordpress\/wp-content\/uploads\/2014\/03\/Image-15-212x300.png 212w\" sizes=\"auto, (max-width: 308px) 100vw, 308px\" \/><\/a><\/p>\n","protected":false},"excerpt":{"rendered":"<p>Terminologie uniforme pour le domaine de la p\u00e9dagogie sp\u00e9cialis\u00e9eadopt\u00e9e par la CDIP le 25 octobre 2007\u00a0sur la base de l\u2019accord intercantonal sur la collaboration\u00a0dans le domaine de la p\u00e9dagogie sp\u00e9cialis\u00e9e<\/p>\n","protected":false},"author":3472,"featured_media":0,"parent":10366,"menu_order":0,"comment_status":"open","ping_status":"closed","template":"","meta":{"footnotes":""},"class_list":["post-10617","page","type-page","status-publish","hentry"],"_links":{"self":[{"href":"http:\/\/www.spsressources.ch\/wordpress\/index.php?rest_route=\/wp\/v2\/pages\/10617","targetHints":{"allow":["GET"]}}],"collection":[{"href":"http:\/\/www.spsressources.ch\/wordpress\/index.php?rest_route=\/wp\/v2\/pages"}],"about":[{"href":"http:\/\/www.spsressources.ch\/wordpress\/index.php?rest_route=\/wp\/v2\/types\/page"}],"author":[{"embeddable":true,"href":"http:\/\/www.spsressources.ch\/wordpress\/index.php?rest_route=\/wp\/v2\/users\/3472"}],"replies":[{"embeddable":true,"href":"http:\/\/www.spsressources.ch\/wordpress\/index.php?rest_route=%2Fwp%2Fv2%2Fcomments&post=10617"}],"version-history":[{"count":11,"href":"http:\/\/www.spsressources.ch\/wordpress\/index.php?rest_route=\/wp\/v2\/pages\/10617\/revisions"}],"predecessor-version":[{"id":10620,"href":"http:\/\/www.spsressources.ch\/wordpress\/index.php?rest_route=\/wp\/v2\/pages\/10617\/revisions\/10620"}],"up":[{"embeddable":true,"href":"http:\/\/www.spsressources.ch\/wordpress\/index.php?rest_route=\/wp\/v2\/pages\/10366"}],"wp:attachment":[{"href":"http:\/\/www.spsressources.ch\/wordpress\/index.php?rest_route=%2Fwp%2Fv2%2Fmedia&parent=10617"}],"curies":[{"name":"wp","href":"https:\/\/api.w.org\/{rel}","templated":true}]}}