{"id":10118,"date":"2014-01-24T13:35:27","date_gmt":"2014-01-24T13:35:27","guid":{"rendered":"http:\/\/www.spsressources.ch\/wordpress\/?page_id=10118"},"modified":"2014-04-01T07:10:18","modified_gmt":"2014-04-01T07:10:18","slug":"que-dire-de-lautisme-conference-de-joseph-schovanec-faculte-de-medecine-paris-descartes-3-juin-2013","status":"publish","type":"page","link":"http:\/\/www.spsressources.ch\/wordpress\/?page_id=10118","title":{"rendered":"Que dire de l&rsquo;autisme ? conf\u00e9rence de Joseph Schovanec, facult\u00e9 de m\u00e9decine, Paris Descartes, 3 Juin 2013"},"content":{"rendered":"<p><span style=\"text-decoration: underline;\"><span style=\"color: #800080;\"><a href=\"https:\/\/www.youtube.com\/results?search_query=Que+dire+de+l%27autisme+%3F+conf\u00e9rence+de+Joseph+Schovanec%2C+facult\u00e9+de+m\u00e9decine%2C+Paris+Descartes%2C+3+Juin+2013\"><span style=\"color: #800080; text-decoration: underline;\">Que dire de l&rsquo;autisme ?, conf\u00e9rence de Joseph Schovanec, facult\u00e9 de m\u00e9decine, Paris Descartes, le 3 Juin 2013<\/span><\/a><\/span><\/span><\/p>\n<p style=\"text-align: center;\"><a href=\"https:\/\/www.youtube.com\/results?search_query=Que+dire+de+l%27autisme+%3F+conf\u00e9rence+de+Joseph+Schovanec%2C+facult\u00e9+de+m\u00e9decine%2C+Paris+Descartes%2C+3+Juin+2013\"><img loading=\"lazy\" decoding=\"async\" class=\"alignnone size-full wp-image-10119\" title=\"Image 21\" src=\"http:\/\/www.spsressources.ch\/wordpress\/wp-content\/uploads\/2014\/01\/Image-21.png\" alt=\"\" width=\"314\" height=\"184\" srcset=\"http:\/\/www.spsressources.ch\/wordpress\/wp-content\/uploads\/2014\/01\/Image-21.png 448w, http:\/\/www.spsressources.ch\/wordpress\/wp-content\/uploads\/2014\/01\/Image-21-300x176.png 300w\" sizes=\"auto, (max-width: 314px) 100vw, 314px\" \/><\/a><\/p>\n<p>&nbsp;<\/p>\n","protected":false},"excerpt":{"rendered":"<p>Que dire de l&rsquo;autisme ?, conf\u00e9rence de Joseph Schovanec, facult\u00e9 de m\u00e9decine, Paris Descartes, le 3 Juin 2013 &nbsp;<\/p>\n","protected":false},"author":3472,"featured_media":0,"parent":4042,"menu_order":0,"comment_status":"open","ping_status":"closed","template":"","meta":{"footnotes":""},"class_list":["post-10118","page","type-page","status-publish","hentry"],"_links":{"self":[{"href":"http:\/\/www.spsressources.ch\/wordpress\/index.php?rest_route=\/wp\/v2\/pages\/10118","targetHints":{"allow":["GET"]}}],"collection":[{"href":"http:\/\/www.spsressources.ch\/wordpress\/index.php?rest_route=\/wp\/v2\/pages"}],"about":[{"href":"http:\/\/www.spsressources.ch\/wordpress\/index.php?rest_route=\/wp\/v2\/types\/page"}],"author":[{"embeddable":true,"href":"http:\/\/www.spsressources.ch\/wordpress\/index.php?rest_route=\/wp\/v2\/users\/3472"}],"replies":[{"embeddable":true,"href":"http:\/\/www.spsressources.ch\/wordpress\/index.php?rest_route=%2Fwp%2Fv2%2Fcomments&post=10118"}],"version-history":[{"count":7,"href":"http:\/\/www.spsressources.ch\/wordpress\/index.php?rest_route=\/wp\/v2\/pages\/10118\/revisions"}],"predecessor-version":[{"id":10122,"href":"http:\/\/www.spsressources.ch\/wordpress\/index.php?rest_route=\/wp\/v2\/pages\/10118\/revisions\/10122"}],"up":[{"embeddable":true,"href":"http:\/\/www.spsressources.ch\/wordpress\/index.php?rest_route=\/wp\/v2\/pages\/4042"}],"wp:attachment":[{"href":"http:\/\/www.spsressources.ch\/wordpress\/index.php?rest_route=%2Fwp%2Fv2%2Fmedia&parent=10118"}],"curies":[{"name":"wp","href":"https:\/\/api.w.org\/{rel}","templated":true}]}}